{"id":157,"date":"2016-04-27T20:01:41","date_gmt":"2016-04-27T20:01:41","guid":{"rendered":"https:\/\/oceanwp.org\/underwear\/?page_id=157"},"modified":"2016-04-27T20:01:41","modified_gmt":"2016-04-27T20:01:41","slug":"catalog","status":"publish","type":"page","link":"https:\/\/free-eshop.com\/fr\/catalog\/","title":{"rendered":"Catalog"},"content":{"rendered":"<div class=\"woocommerce columns-4\">\r\n<ul class=\"products oceanwp-row clr grid tablet-col tablet-3-col mobile-col mobile-1-col\">\r\n<li class=\"product-category product first col span_1_of_4\">\n\t<a aria-label=\"Acc\u00e9der \u00e0 la cat\u00e9gorie de produits GIOCATTOLI\" href=\"https:\/\/free-eshop.com\/fr\/categorie-produit\/giocattoli\/\" data-no-translation-aria-label=\"\"><div class=\"product-inner clr\"><div class=\"woo-entry-image clr\"><a href=\"https:\/\/free-eshop.com\/fr\/categorie-produit\/giocattoli\/\"><img fetchpriority=\"high\" decoding=\"async\" src=\"https:\/\/free-eshop.com\/wp-content\/uploads\/woocommerce-placeholder-265x331.webp\" alt=\"GIOCATTOLI\" width=\"265\" height=\"331\" \/><\/a><\/div><div class=\"woo-entry-inner clr\"><a href=\"https:\/\/free-eshop.com\/fr\/categorie-produit\/giocattoli\/\">\t\t<h2 class=\"woocommerce-loop-category__title\">\n\t\t\tGIOCATTOLI <mark class=\"count\">(3)<\/mark>\t\t<\/h2>\n\t\t<\/a><\/div><\/div><\/a><\/li>\n<li class=\"product-category product col span_1_of_4\">\n\t<a aria-label=\"Acc\u00e9der \u00e0 la cat\u00e9gorie de produits PORTABICICLETTE\" href=\"https:\/\/free-eshop.com\/fr\/categorie-produit\/portabiciclette\/\" data-no-translation-aria-label=\"\"><div class=\"product-inner clr\"><div class=\"woo-entry-image clr\"><a href=\"https:\/\/free-eshop.com\/fr\/categorie-produit\/portabiciclette\/\"><img decoding=\"async\" src=\"https:\/\/free-eshop.com\/wp-content\/uploads\/woocommerce-placeholder-265x331.webp\" alt=\"PORTABICICLETTE\" width=\"265\" height=\"331\" \/><\/a><\/div><div class=\"woo-entry-inner clr\"><a href=\"https:\/\/free-eshop.com\/fr\/categorie-produit\/portabiciclette\/\">\t\t<h2 class=\"woocommerce-loop-category__title\">\n\t\t\tPORTABICICLETTE <mark class=\"count\">(2)<\/mark>\t\t<\/h2>\n\t\t<\/a><\/div><\/div><\/a><\/li>\n<li class=\"product-category product col span_1_of_4\">\n\t<a aria-label=\"Acc\u00e9der \u00e0 la cat\u00e9gorie de produits MACCHINA DA CAFF\u00c8\" href=\"https:\/\/free-eshop.com\/fr\/categorie-produit\/macchina-da-caffe\/\" data-no-translation-aria-label=\"\"><div class=\"product-inner clr\"><div class=\"woo-entry-image clr\"><a href=\"https:\/\/free-eshop.com\/fr\/categorie-produit\/macchina-da-caffe\/\"><img decoding=\"async\" src=\"https:\/\/free-eshop.com\/wp-content\/uploads\/woocommerce-placeholder-265x331.webp\" alt=\"MACCHINA DA CAFF\u00c8\" width=\"265\" height=\"331\" \/><\/a><\/div><div class=\"woo-entry-inner clr\"><a href=\"https:\/\/free-eshop.com\/fr\/categorie-produit\/macchina-da-caffe\/\">\t\t<h2 class=\"woocommerce-loop-category__title\">\n\t\t\tMACCHINA DA CAFF\u00c8 <mark class=\"count\">(5)<\/mark>\t\t<\/h2>\n\t\t<\/a><\/div><\/div><\/a><\/li>\n<li class=\"product-category product last col span_1_of_4\">\n\t<a aria-label=\"Acc\u00e9der \u00e0 la cat\u00e9gorie de produits MOBILIT\u00c0 E GIOCHI\" href=\"https:\/\/free-eshop.com\/fr\/categorie-produit\/mobilita-e-giochi\/\" data-no-translation-aria-label=\"\"><div class=\"product-inner clr\"><div class=\"woo-entry-image clr\"><a href=\"https:\/\/free-eshop.com\/fr\/categorie-produit\/mobilita-e-giochi\/\"><img loading=\"lazy\" decoding=\"async\" src=\"https:\/\/free-eshop.com\/wp-content\/uploads\/woocommerce-placeholder-265x331.webp\" alt=\"MOBILIT\u00c0 E GIOCHI\" width=\"265\" height=\"331\" \/><\/a><\/div><div class=\"woo-entry-inner clr\"><a href=\"https:\/\/free-eshop.com\/fr\/categorie-produit\/mobilita-e-giochi\/\">\t\t<h2 class=\"woocommerce-loop-category__title\">\n\t\t\tMOBILIT\u00c0 E GIOCHI <mark class=\"count\">(2)<\/mark>\t\t<\/h2>\n\t\t<\/a><\/div><\/div><\/a><\/li>\n<li class=\"product-category product first col span_1_of_4\">\n\t<a aria-label=\"Acc\u00e9der \u00e0 la cat\u00e9gorie de produits FOTOGRAFIA\" href=\"https:\/\/free-eshop.com\/fr\/categorie-produit\/fotografia\/\" data-no-translation-aria-label=\"\"><div class=\"product-inner clr\"><div class=\"woo-entry-image clr\"><a href=\"https:\/\/free-eshop.com\/fr\/categorie-produit\/fotografia\/\"><img loading=\"lazy\" decoding=\"async\" src=\"https:\/\/free-eshop.com\/wp-content\/uploads\/woocommerce-placeholder-265x331.webp\" alt=\"FOTOGRAFIA\" width=\"265\" height=\"331\" \/><\/a><\/div><div class=\"woo-entry-inner clr\"><a href=\"https:\/\/free-eshop.com\/fr\/categorie-produit\/fotografia\/\">\t\t<h2 class=\"woocommerce-loop-category__title\">\n\t\t\tFOTOGRAFIA <mark class=\"count\">(4)<\/mark>\t\t<\/h2>\n\t\t<\/a><\/div><\/div><\/a><\/li>\n<li class=\"product-category product col span_1_of_4\">\n\t<a aria-label=\"Acc\u00e9der \u00e0 la cat\u00e9gorie de produits PC GAMING\" href=\"https:\/\/free-eshop.com\/fr\/categorie-produit\/pc-gaming\/\" data-no-translation-aria-label=\"\"><div class=\"product-inner clr\"><div class=\"woo-entry-image clr\"><a href=\"https:\/\/free-eshop.com\/fr\/categorie-produit\/pc-gaming\/\"><img loading=\"lazy\" decoding=\"async\" src=\"https:\/\/free-eshop.com\/wp-content\/uploads\/woocommerce-placeholder-265x331.webp\" alt=\"PC GAMING\" width=\"265\" height=\"331\" \/><\/a><\/div><div class=\"woo-entry-inner clr\"><a href=\"https:\/\/free-eshop.com\/fr\/categorie-produit\/pc-gaming\/\">\t\t<h2 class=\"woocommerce-loop-category__title\">\n\t\t\tPC GAMING <mark class=\"count\">(9)<\/mark>\t\t<\/h2>\n\t\t<\/a><\/div><\/div><\/a><\/li>\n<li class=\"product-category product col span_1_of_4\">\n\t<a aria-label=\"Acc\u00e9der \u00e0 la cat\u00e9gorie de produits CLIMA\" href=\"https:\/\/free-eshop.com\/fr\/categorie-produit\/clima\/\" data-no-translation-aria-label=\"\"><div class=\"product-inner clr\"><div class=\"woo-entry-image clr\"><a href=\"https:\/\/free-eshop.com\/fr\/categorie-produit\/clima\/\"><img loading=\"lazy\" decoding=\"async\" src=\"https:\/\/free-eshop.com\/wp-content\/uploads\/woocommerce-placeholder-265x331.webp\" alt=\"CLIMA\" width=\"265\" height=\"331\" \/><\/a><\/div><div class=\"woo-entry-inner clr\"><a href=\"https:\/\/free-eshop.com\/fr\/categorie-produit\/clima\/\">\t\t<h2 class=\"woocommerce-loop-category__title\">\n\t\t\tCLIMA <mark class=\"count\">(1)<\/mark>\t\t<\/h2>\n\t\t<\/a><\/div><\/div><\/a><\/li>\n<li class=\"product-category product last col span_1_of_4\">\n\t<a aria-label=\"Acc\u00e9der \u00e0 la cat\u00e9gorie de produits MONOPATTINI ELETTRICI\" href=\"https:\/\/free-eshop.com\/fr\/categorie-produit\/monopattini-elettrici\/\" data-no-translation-aria-label=\"\"><div class=\"product-inner clr\"><div class=\"woo-entry-image clr\"><a href=\"https:\/\/free-eshop.com\/fr\/categorie-produit\/monopattini-elettrici\/\"><img loading=\"lazy\" decoding=\"async\" src=\"https:\/\/free-eshop.com\/wp-content\/uploads\/woocommerce-placeholder-265x331.webp\" alt=\"MONOPATTINI ELETTRICI\" width=\"265\" height=\"331\" \/><\/a><\/div><div class=\"woo-entry-inner clr\"><a href=\"https:\/\/free-eshop.com\/fr\/categorie-produit\/monopattini-elettrici\/\">\t\t<h2 class=\"woocommerce-loop-category__title\">\n\t\t\tMONOPATTINI ELETTRICI <mark class=\"count\">(1)<\/mark>\t\t<\/h2>\n\t\t<\/a><\/div><\/div><\/a><\/li>\n<li class=\"product-category product first col span_1_of_4\">\n\t<a aria-label=\"Acc\u00e9der \u00e0 la cat\u00e9gorie de produits DRONI\" href=\"https:\/\/free-eshop.com\/fr\/categorie-produit\/droni\/\" data-no-translation-aria-label=\"\"><div class=\"product-inner clr\"><div class=\"woo-entry-image clr\"><a href=\"https:\/\/free-eshop.com\/fr\/categorie-produit\/droni\/\"><img loading=\"lazy\" decoding=\"async\" src=\"https:\/\/free-eshop.com\/wp-content\/uploads\/woocommerce-placeholder-265x331.webp\" alt=\"DRONI\" width=\"265\" height=\"331\" \/><\/a><\/div><div class=\"woo-entry-inner clr\"><a href=\"https:\/\/free-eshop.com\/fr\/categorie-produit\/droni\/\">\t\t<h2 class=\"woocommerce-loop-category__title\">\n\t\t\tDRONI <mark class=\"count\">(2)<\/mark>\t\t<\/h2>\n\t\t<\/a><\/div><\/div><\/a><\/li>\n<li class=\"product-category product col span_1_of_4\">\n\t<a aria-label=\"Acc\u00e9der \u00e0 la cat\u00e9gorie de produits SCHEDA VIDEO\" href=\"https:\/\/free-eshop.com\/fr\/categorie-produit\/scheda-video\/\" data-no-translation-aria-label=\"\"><div class=\"product-inner clr\"><div class=\"woo-entry-image clr\"><a href=\"https:\/\/free-eshop.com\/fr\/categorie-produit\/scheda-video\/\"><img loading=\"lazy\" decoding=\"async\" src=\"https:\/\/free-eshop.com\/wp-content\/uploads\/woocommerce-placeholder-265x331.webp\" alt=\"SCHEDA VIDEO\" width=\"265\" height=\"331\" \/><\/a><\/div><div class=\"woo-entry-inner clr\"><a href=\"https:\/\/free-eshop.com\/fr\/categorie-produit\/scheda-video\/\">\t\t<h2 class=\"woocommerce-loop-category__title\">\n\t\t\tSCHEDA VIDEO <mark class=\"count\">(9)<\/mark>\t\t<\/h2>\n\t\t<\/a><\/div><\/div><\/a><\/li>\n<li class=\"product-category product col span_1_of_4\">\n\t<a aria-label=\"Acc\u00e9der \u00e0 la cat\u00e9gorie de produits ACCESSORI\" href=\"https:\/\/free-eshop.com\/fr\/categorie-produit\/accessori\/\" data-no-translation-aria-label=\"\"><div class=\"product-inner clr\"><div class=\"woo-entry-image clr\"><a href=\"https:\/\/free-eshop.com\/fr\/categorie-produit\/accessori\/\"><img loading=\"lazy\" decoding=\"async\" src=\"https:\/\/free-eshop.com\/wp-content\/uploads\/woocommerce-placeholder-265x331.webp\" alt=\"ACCESSORI\" width=\"265\" height=\"331\" \/><\/a><\/div><div class=\"woo-entry-inner clr\"><a href=\"https:\/\/free-eshop.com\/fr\/categorie-produit\/accessori\/\">\t\t<h2 class=\"woocommerce-loop-category__title\">\n\t\t\tACCESSORI <mark class=\"count\">(7)<\/mark>\t\t<\/h2>\n\t\t<\/a><\/div><\/div><\/a><\/li>\n<\/ul>\n<\/div>","protected":false},"excerpt":{"rendered":"","protected":false},"author":1,"featured_media":0,"parent":0,"menu_order":0,"comment_status":"closed","ping_status":"closed","template":"","meta":{"ocean_post_layout":"full-width","ocean_both_sidebars_style":"","ocean_both_sidebars_content_width":0,"ocean_both_sidebars_sidebars_width":0,"ocean_sidebar":"","ocean_second_sidebar":"","ocean_disable_margins":"enable","ocean_add_body_class":"","ocean_shortcode_before_top_bar":"","ocean_shortcode_after_top_bar":"","ocean_shortcode_before_header":"","ocean_shortcode_after_header":"","ocean_has_shortcode":"","ocean_shortcode_after_title":"","ocean_shortcode_before_footer_widgets":"","ocean_shortcode_after_footer_widgets":"","ocean_shortcode_before_footer_bottom":"","ocean_shortcode_after_footer_bottom":"","ocean_display_top_bar":"default","ocean_display_header":"default","ocean_header_style":"","ocean_center_header_left_menu":"","ocean_custom_header_template":"","ocean_custom_logo":0,"ocean_custom_retina_logo":0,"ocean_custom_logo_max_width":0,"ocean_custom_logo_tablet_max_width":0,"ocean_custom_logo_mobile_max_width":0,"ocean_custom_logo_max_height":0,"ocean_custom_logo_tablet_max_height":0,"ocean_custom_logo_mobile_max_height":0,"ocean_header_custom_menu":"","ocean_menu_typo_font_family":"","ocean_menu_typo_font_subset":"","ocean_menu_typo_font_size":0,"ocean_menu_typo_font_size_tablet":0,"ocean_menu_typo_font_size_mobile":0,"ocean_menu_typo_font_size_unit":"px","ocean_menu_typo_font_weight":"","ocean_menu_typo_font_weight_tablet":"","ocean_menu_typo_font_weight_mobile":"","ocean_menu_typo_transform":"","ocean_menu_typo_transform_tablet":"","ocean_menu_typo_transform_mobile":"","ocean_menu_typo_line_height":0,"ocean_menu_typo_line_height_tablet":0,"ocean_menu_typo_line_height_mobile":0,"ocean_menu_typo_line_height_unit":"","ocean_menu_typo_spacing":0,"ocean_menu_typo_spacing_tablet":0,"ocean_menu_typo_spacing_mobile":0,"ocean_menu_typo_spacing_unit":"","ocean_menu_link_color":"","ocean_menu_link_color_hover":"","ocean_menu_link_color_active":"","ocean_menu_link_background":"","ocean_menu_link_hover_background":"","ocean_menu_link_active_background":"","ocean_menu_social_links_bg":"","ocean_menu_social_hover_links_bg":"","ocean_menu_social_links_color":"","ocean_menu_social_hover_links_color":"","ocean_disable_title":"default","ocean_disable_heading":"default","ocean_post_title":"","ocean_post_subheading":"","ocean_post_title_style":"","ocean_post_title_background_color":"","ocean_post_title_background":0,"ocean_post_title_bg_image_position":"","ocean_post_title_bg_image_attachment":"","ocean_post_title_bg_image_repeat":"","ocean_post_title_bg_image_size":"","ocean_post_title_height":0,"ocean_post_title_bg_overlay":0.5,"ocean_post_title_bg_overlay_color":"","ocean_disable_breadcrumbs":"default","ocean_breadcrumbs_color":"","ocean_breadcrumbs_separator_color":"","ocean_breadcrumbs_links_color":"","ocean_breadcrumbs_links_hover_color":"","ocean_display_footer_widgets":"default","ocean_display_footer_bottom":"default","ocean_custom_footer_template":"","footnotes":""},"class_list":["post-157","page","type-page","status-publish","hentry","entry","owp-thumbs-layout-horizontal","owp-btn-normal","owp-tabs-layout-horizontal","has-no-thumbnails","has-product-nav"],"_links":{"self":[{"href":"https:\/\/free-eshop.com\/fr\/wp-json\/wp\/v2\/pages\/157","targetHints":{"allow":["GET"]}}],"collection":[{"href":"https:\/\/free-eshop.com\/fr\/wp-json\/wp\/v2\/pages"}],"about":[{"href":"https:\/\/free-eshop.com\/fr\/wp-json\/wp\/v2\/types\/page"}],"author":[{"embeddable":true,"href":"https:\/\/free-eshop.com\/fr\/wp-json\/wp\/v2\/users\/1"}],"replies":[{"embeddable":true,"href":"https:\/\/free-eshop.com\/fr\/wp-json\/wp\/v2\/comments?post=157"}],"version-history":[{"count":0,"href":"https:\/\/free-eshop.com\/fr\/wp-json\/wp\/v2\/pages\/157\/revisions"}],"wp:attachment":[{"href":"https:\/\/free-eshop.com\/fr\/wp-json\/wp\/v2\/media?parent=157"}],"curies":[{"name":"wp","href":"https:\/\/api.w.org\/{rel}","templated":true}]}}