{"id":5181,"date":"2023-10-18T13:59:29","date_gmt":"2023-10-18T11:59:29","guid":{"rendered":"https:\/\/legnaenergia.com\/?page_id=5181"},"modified":"2025-11-11T13:57:48","modified_gmt":"2025-11-11T13:57:48","slug":"chi-siamo-noi","status":"publish","type":"page","link":"https:\/\/free-eshop.com\/fr\/chi-siamo-noi\/","title":{"rendered":"Chi siamo noi?"},"content":{"rendered":"<div data-elementor-type=\"wp-page\" data-elementor-id=\"5181\" class=\"elementor elementor-5181\">\n\t\t\t\t\t\t<section class=\"elementor-section elementor-top-section elementor-element elementor-element-a9268c3 elementor-section-boxed elementor-section-height-default elementor-section-height-default\" data-id=\"a9268c3\" data-element_type=\"section\">\n\t\t\t\t\t\t<div class=\"elementor-container elementor-column-gap-default\">\n\t\t\t\t\t<div class=\"elementor-column elementor-col-100 elementor-top-column elementor-element elementor-element-04bf573\" data-id=\"04bf573\" data-element_type=\"column\">\n\t\t\t<div class=\"elementor-widget-wrap elementor-element-populated\">\n\t\t\t\t\t\t<div class=\"elementor-element elementor-element-af6508f elementor-widget elementor-widget-text-editor\" data-id=\"af6508f\" data-element_type=\"widget\" data-widget_type=\"text-editor.default\">\n\t\t\t\t<div class=\"elementor-widget-container\">\n\t\t\t\t\t\t\t\t\t<p>Free-eshop.com \u00e8 il negozio online di riferimento per chi cerca qualit\u00e0, praticit\u00e0 e servizio.<br \/>Sin dalla sua creazione, la nostra priorit\u00e0 \u00e8 la soddisfazione del cliente. Mettiamo a vostra disposizione un team di assistenza interno, disponibile sia durante l&#8217;acquisto che dopo la consegna.<br \/>Tutti i prodotti offerti da Free-eshop.com sono autentici e beneficiano di una garanzia di 24 mesi (o 12 mesi per gli articoli IVA inclusa). Provengono direttamente dai distributori ufficiali italiani. La consegna \u00e8 assicurata da un corriere. Su Free-eshop.com, il pagamento tramite bonifico bancario \u00e8 sicuro.<\/p><p>Il catalogo Free-eshop.com offre oltre 10.000 prodotti: elettrodomestici delle marche pi\u00f9 prestigiose, materiale elettronico e informatico, gadget e giochi, dispositivi e accessori per la mobilit\u00e0, articoli per la casa e la cura della persona&#8230; Una delle selezioni pi\u00f9 complete disponibili online. Appassionato di elettronica? Troverai tutto ci\u00f2 di cui hai bisogno.<\/p><p>Ai sensi dell&#8217;articolo 64 e seguenti. Ai sensi del decreto legislativo n. 206\/2005, contenuto nel Codice del Consumo, FREE SHOP offre ai propri clienti (non soggetti a IVA) la possibilit\u00e0 di restituire un prodotto entro 14 giorni dall&#8217;acquisto.<\/p>\t\t\t\t\t\t\t\t<\/div>\n\t\t\t\t<\/div>\n\t\t\t\t\t<\/div>\n\t\t<\/div>\n\t\t\t\t\t<\/div>\n\t\t<\/section>\n\t\t\t\t<\/div>","protected":false},"excerpt":{"rendered":"<p>Free-eshop.com \u00e8 il negozio online di riferimento per chi cerca qualit\u00e0, praticit\u00e0 e servizio.Sin dalla sua creazione, la nostra priorit\u00e0 \u00e8 la soddisfazione del cliente. Mettiamo a vostra disposizione un team di assistenza interno, disponibile sia durante l&#8217;acquisto che dopo la consegna.Tutti i prodotti offerti da Free-eshop.com sono autentici e beneficiano di una garanzia di [&hellip;]<\/p>","protected":false},"author":1,"featured_media":0,"parent":0,"menu_order":0,"comment_status":"closed","ping_status":"closed","template":"","meta":{"ocean_post_layout":"","ocean_both_sidebars_style":"","ocean_both_sidebars_content_width":0,"ocean_both_sidebars_sidebars_width":0,"ocean_sidebar":"","ocean_second_sidebar":"","ocean_disable_margins":"enable","ocean_add_body_class":"","ocean_shortcode_before_top_bar":"","ocean_shortcode_after_top_bar":"","ocean_shortcode_before_header":"","ocean_shortcode_after_header":"","ocean_has_shortcode":"","ocean_shortcode_after_title":"","ocean_shortcode_before_footer_widgets":"","ocean_shortcode_after_footer_widgets":"","ocean_shortcode_before_footer_bottom":"","ocean_shortcode_after_footer_bottom":"","ocean_display_top_bar":"default","ocean_display_header":"default","ocean_header_style":"","ocean_center_header_left_menu":"","ocean_custom_header_template":"","ocean_custom_logo":0,"ocean_custom_retina_logo":0,"ocean_custom_logo_max_width":0,"ocean_custom_logo_tablet_max_width":0,"ocean_custom_logo_mobile_max_width":0,"ocean_custom_logo_max_height":0,"ocean_custom_logo_tablet_max_height":0,"ocean_custom_logo_mobile_max_height":0,"ocean_header_custom_menu":"","ocean_menu_typo_font_family":"","ocean_menu_typo_font_subset":"","ocean_menu_typo_font_size":0,"ocean_menu_typo_font_size_tablet":0,"ocean_menu_typo_font_size_mobile":0,"ocean_menu_typo_font_size_unit":"px","ocean_menu_typo_font_weight":"","ocean_menu_typo_font_weight_tablet":"","ocean_menu_typo_font_weight_mobile":"","ocean_menu_typo_transform":"","ocean_menu_typo_transform_tablet":"","ocean_menu_typo_transform_mobile":"","ocean_menu_typo_line_height":0,"ocean_menu_typo_line_height_tablet":0,"ocean_menu_typo_line_height_mobile":0,"ocean_menu_typo_line_height_unit":"","ocean_menu_typo_spacing":0,"ocean_menu_typo_spacing_tablet":0,"ocean_menu_typo_spacing_mobile":0,"ocean_menu_typo_spacing_unit":"","ocean_menu_link_color":"","ocean_menu_link_color_hover":"","ocean_menu_link_color_active":"","ocean_menu_link_background":"","ocean_menu_link_hover_background":"","ocean_menu_link_active_background":"","ocean_menu_social_links_bg":"","ocean_menu_social_hover_links_bg":"","ocean_menu_social_links_color":"","ocean_menu_social_hover_links_color":"","ocean_disable_title":"default","ocean_disable_heading":"default","ocean_post_title":"","ocean_post_subheading":"","ocean_post_title_style":"","ocean_post_title_background_color":"","ocean_post_title_background":0,"ocean_post_title_bg_image_position":"","ocean_post_title_bg_image_attachment":"","ocean_post_title_bg_image_repeat":"","ocean_post_title_bg_image_size":"","ocean_post_title_height":0,"ocean_post_title_bg_overlay":0.5,"ocean_post_title_bg_overlay_color":"","ocean_disable_breadcrumbs":"default","ocean_breadcrumbs_color":"","ocean_breadcrumbs_separator_color":"","ocean_breadcrumbs_links_color":"","ocean_breadcrumbs_links_hover_color":"","ocean_display_footer_widgets":"default","ocean_display_footer_bottom":"default","ocean_custom_footer_template":"","footnotes":""},"class_list":["post-5181","page","type-page","status-publish","hentry","entry","owp-thumbs-layout-horizontal","owp-btn-normal","owp-tabs-layout-horizontal","has-no-thumbnails","has-product-nav"],"_links":{"self":[{"href":"https:\/\/free-eshop.com\/fr\/wp-json\/wp\/v2\/pages\/5181","targetHints":{"allow":["GET"]}}],"collection":[{"href":"https:\/\/free-eshop.com\/fr\/wp-json\/wp\/v2\/pages"}],"about":[{"href":"https:\/\/free-eshop.com\/fr\/wp-json\/wp\/v2\/types\/page"}],"author":[{"embeddable":true,"href":"https:\/\/free-eshop.com\/fr\/wp-json\/wp\/v2\/users\/1"}],"replies":[{"embeddable":true,"href":"https:\/\/free-eshop.com\/fr\/wp-json\/wp\/v2\/comments?post=5181"}],"version-history":[{"count":9,"href":"https:\/\/free-eshop.com\/fr\/wp-json\/wp\/v2\/pages\/5181\/revisions"}],"predecessor-version":[{"id":6455,"href":"https:\/\/free-eshop.com\/fr\/wp-json\/wp\/v2\/pages\/5181\/revisions\/6455"}],"wp:attachment":[{"href":"https:\/\/free-eshop.com\/fr\/wp-json\/wp\/v2\/media?parent=5181"}],"curies":[{"name":"wp","href":"https:\/\/api.w.org\/{rel}","templated":true}]}}