{"id":6590,"date":"2025-12-10T15:32:16","date_gmt":"2025-12-10T15:32:16","guid":{"rendered":"https:\/\/free-eshop.com\/?post_type=product&#038;p=6590"},"modified":"2025-12-10T16:28:27","modified_gmt":"2025-12-10T16:28:27","slug":"jbl-boombox-4","status":"publish","type":"product","link":"https:\/\/free-eshop.com\/fr\/produit\/jbl-boombox-4\/","title":{"rendered":"JBL BOOMBOX 4"},"content":{"rendered":"<div class=\"inpage_selector_specification\">\n<div id=\"block-selector-1-specs\" class=\"\">\n<div class=\"flix-std-section-title flix-d-h2\" role=\"heading\" aria-level=\"3\">Specifiche<\/div>\n<div class=\"flix-std-container-fluid\">\n<div class=\"flix-std-row\">\n<div class=\"flix-std-clmn-lg-6 flix-std-clmn-xs-12 flix-pad\">\n<div class=\"flix-specs-div\">\n<div class=\"flix-specs-inner-title flix-d-h3\" role=\"heading\" aria-level=\"3\">Specifiche generali<\/div>\n<table class=\"flix-std-specs-table\">\n<tbody>\n<tr>\n<td class=\"flix-d-h6\">Potenza in uscita (W)<\/td>\n<td class=\"flix-d-p\">(Modalit\u00e0 AC) &#8211; 2 x 65W RMS Woofer, 2 x 40W RMS Tweeter (Modalit\u00e0 batteria) &#8211; 2 x 60W RMS Woofer, 2 x 40W RMS Tweeter<\/td>\n<\/tr>\n<tr>\n<td class=\"flix-d-h6\">Ingresso di alimentazione<\/td>\n<td class=\"flix-d-p\">100 &#8211; 240 Vac; 50\/60 Hz<\/td>\n<\/tr>\n<tr>\n<td class=\"flix-d-h6\">Rapporto segnale\/rumore<\/td>\n<td class=\"flix-d-p\">&gt; 80 dB<\/td>\n<\/tr>\n<\/tbody>\n<\/table>\n<\/div>\n<\/div>\n<div class=\"flix-std-clmn-lg-6 flix-std-clmn-xs-12 flix-pad\">\n<div class=\"flix-specs-div\">\n<div class=\"flix-specs-inner-title flix-d-h3\" role=\"heading\" aria-level=\"3\">Specifiche audio<\/div>\n<table class=\"flix-std-specs-table\">\n<tbody>\n<tr>\n<td class=\"flix-d-h6\">Risposta in frequenza<\/td>\n<td class=\"flix-d-p\">37Hz &#8211; 20 kHz<\/td>\n<\/tr>\n<tr>\n<td class=\"flix-d-h6\">Trasduttore<\/td>\n<td class=\"flix-d-p\">2 x woofer da 5 pollici \/ 123 mm, 2 x tweeter da 0,75 pollici \/ 20 mm, 2 radiatori passivi circolari + 1 rettangolare<\/td>\n<\/tr>\n<\/tbody>\n<\/table>\n<\/div>\n<\/div>\n<div class=\"flix-std-clmn-lg-6 flix-std-clmn-xs-12 flix-pad\">\n<div class=\"flix-specs-div\">\n<div class=\"flix-specs-inner-title flix-d-h3\" role=\"heading\" aria-level=\"3\">Dimensioni<\/div>\n<table class=\"flix-std-specs-table\">\n<tbody>\n<tr>\n<td class=\"flix-d-h6\">Dimensioni (Larghezza x Altezza x Profondit\u00e0) (cm)<\/td>\n<td class=\"flix-d-p\">51 x 26 x 21<\/td>\n<\/tr>\n<tr>\n<td class=\"flix-d-h6\">Dimensioni (Larghezza x Altezza x Profondit\u00e0) (in)<\/td>\n<td class=\"flix-d-p\">20 x 10 x 8<\/td>\n<\/tr>\n<tr>\n<td class=\"flix-d-h6\">Peso (kg)<\/td>\n<td class=\"flix-d-p\">5.89<\/td>\n<\/tr>\n<tr>\n<td class=\"flix-d-h6\">Peso (lbs)<\/td>\n<td class=\"flix-d-p\">13<\/td>\n<\/tr>\n<\/tbody>\n<\/table>\n<\/div>\n<\/div>\n<div class=\"flix-std-clmn-lg-6 flix-std-clmn-xs-12 flix-pad\">\n<div class=\"flix-specs-div\">\n<div class=\"flix-specs-inner-title flix-d-h3\" role=\"heading\" aria-level=\"3\">Specifiche di controllo e connessione<\/div>\n<table class=\"flix-std-specs-table\">\n<tbody>\n<tr>\n<td class=\"flix-d-h6\">Connessione<\/td>\n<td class=\"flix-d-p\">AC-in, USB-C<\/td>\n<\/tr>\n<tr>\n<td class=\"flix-d-h6\">Porte di connessione<\/td>\n<td class=\"flix-d-p\">AC-in, USB-C<\/td>\n<\/tr>\n<tr>\n<td class=\"flix-d-h6\">Profili Bluetooth<\/td>\n<td class=\"flix-d-p\">A2DP 1.4, AVRCP 1.6<\/td>\n<\/tr>\n<tr>\n<td class=\"flix-d-h6\">Frequenza Bluetooth<\/td>\n<td class=\"flix-d-p\">2.4 GHz &#8211; 2.4835 GHz<\/td>\n<\/tr>\n<tr>\n<td class=\"flix-d-h6\">Modulazione trasmettitore Bluetooth<\/td>\n<td class=\"flix-d-p\">GFSK, \u03c0\/4 DQPSK, 8DPSK<\/td>\n<\/tr>\n<tr>\n<td class=\"flix-d-h6\">Potenza trasmettitore Bluetooth<\/td>\n<td class=\"flix-d-p\">\u2264 14dBm (EIRP)<\/td>\n<\/tr>\n<tr>\n<td class=\"flix-d-h6\">Versione Bluetooth<\/td>\n<td class=\"flix-d-p\">5.4<\/td>\n<\/tr>\n<\/tbody>\n<\/table>\n<\/div>\n<\/div>\n<div class=\"flix-std-clmn-lg-6 flix-std-clmn-xs-12 flix-pad\">\n<div class=\"flix-specs-div\">\n<div class=\"flix-specs-inner-title flix-d-h3\" role=\"heading\" aria-level=\"3\">Batteria<\/div>\n<table class=\"flix-std-specs-table\">\n<tbody>\n<tr>\n<td class=\"flix-d-h6\">Tempo massimo di riproduzione musicale (ore)<\/td>\n<td class=\"flix-d-p\">28<\/td>\n<\/tr>\n<tr>\n<td class=\"flix-d-h6\">Tipo di cavo<\/td>\n<td class=\"flix-d-p\">Cavo di alimentazione AC<\/td>\n<\/tr>\n<tr>\n<td class=\"flix-d-h6\">Lunghezza cavo (ft)<\/td>\n<td class=\"flix-d-p\">6.6<\/td>\n<\/tr>\n<tr>\n<td class=\"flix-d-h6\">Lunghezza cavo (m)<\/td>\n<td class=\"flix-d-p\">2<\/td>\n<\/tr>\n<tr>\n<td class=\"flix-d-h6\">Tipo di batteria<\/td>\n<td class=\"flix-d-p\">Batteria ricaricabile agli ioni di litio 99.02Wh<\/td>\n<\/tr>\n<tr>\n<td class=\"flix-d-h6\">Tempo di ricarica della batteria (ore)<\/td>\n<td class=\"flix-d-p\">3<\/td>\n<\/tr>\n<\/tbody>\n<\/table>\n<\/div>\n<\/div>\n<div class=\"flix-std-clmn-lg-6 flix-std-clmn-xs-12 flix-pad\">\n<div class=\"flix-specs-div\">\n<div class=\"flix-specs-inner-title flix-d-h3\" role=\"heading\" aria-level=\"3\">Funzioni<\/div>\n<table class=\"flix-std-specs-table\">\n<tbody>\n<tr>\n<td class=\"flix-d-h6\">Cavo di alimentazione AC (varia in base alla regione)<\/td>\n<td class=\"flix-d-p\">S\u00ec<\/td>\n<\/tr>\n<tr>\n<td class=\"flix-d-h6\">AI Sound Boost<\/td>\n<td class=\"flix-d-p\">S\u00ec<\/td>\n<\/tr>\n<tr>\n<td class=\"flix-d-h6\">Bluetooth<\/td>\n<td class=\"flix-d-p\">S\u00ec<\/td>\n<\/tr>\n<tr>\n<td class=\"flix-d-h6\">Powerbank<\/td>\n<td class=\"flix-d-p\">S\u00ec<\/td>\n<\/tr>\n<tr>\n<td class=\"flix-d-h6\">Supporta Auracast<\/td>\n<td class=\"flix-d-p\">S\u00ec<\/td>\n<\/tr>\n<tr>\n<td class=\"flix-d-h6\">Impermeabile<\/td>\n<td class=\"flix-d-p\">S\u00ec<\/td>\n<\/tr>\n<\/tbody>\n<\/table>\n<\/div>\n<\/div>\n<\/div>\n<\/div>\n<\/div>\n<\/div>","protected":false},"excerpt":{"rendered":"<p>Alza il volume come pi\u00f9 ti piace, ovunque.<br \/>\nIl nuovissimo JBL Boombox 4 \u00e8 pi\u00f9 grande, pi\u00f9 audace e pi\u00f9 evoluto che mai, con la potente tecnologia JBL Pro Sound che assicura una riproduzione potente ma anche cristallina e con dei bassi profondi. La tecnologia AI Sound Boost analizza la musica in tempo reale e regola il suono per offrire pi\u00f9 potenza con meno distorsioni, anche quando il\u00a0volume \u00e8 al massimo. Incorpora due woofer pi\u00f9 grandi, due tweeter e\u00a0tre radiatori passivi, quindi ogni traccia risulta pi\u00f9 forte ma allo stesso\u00a0tempo pi\u00f9 pulita. Per definire meglio l\u2019atmosfera ti basta semplicemente\u00a0scegliere tra le due impostazioni di Bass Boost, profondo o vibrante, in<br \/>\nbase al tuo umore. Abbiamo aggiornato il classico design del Boombox e il risultato \u00e8 un diffusore pi\u00f9 grande ma anche pi\u00f9 leggero, che puoi portare senza problemi ovunque ci sia una festa: in spiaggia, per strada o in giardino. \u00c8 waterproof e resistente alla polvere con certificazione IP68, quindi il meteo non sar\u00e0 mai un problema. E\u00a0con un massimo di 34 ore di riproduzione (grazie, Playtime Boost!)\u00a0il divertimento non finisce mai. Con JBL Boombox 4 porta ovunque\u00a0l\u2019atmosfera e un pieno di energia.<\/p>","protected":false},"featured_media":6591,"comment_status":"open","ping_status":"closed","template":"","meta":{"ocean_post_layout":"","ocean_both_sidebars_style":"","ocean_both_sidebars_content_width":0,"ocean_both_sidebars_sidebars_width":0,"ocean_sidebar":"0","ocean_second_sidebar":"0","ocean_disable_margins":"enable","ocean_add_body_class":"","ocean_shortcode_before_top_bar":"","ocean_shortcode_after_top_bar":"","ocean_shortcode_before_header":"","ocean_shortcode_after_header":"","ocean_has_shortcode":"","ocean_shortcode_after_title":"","ocean_shortcode_before_footer_widgets":"","ocean_shortcode_after_footer_widgets":"","ocean_shortcode_before_footer_bottom":"","ocean_shortcode_after_footer_bottom":"","ocean_display_top_bar":"default","ocean_display_header":"default","ocean_header_style":"","ocean_center_header_left_menu":"0","ocean_custom_header_template":"0","ocean_custom_logo":0,"ocean_custom_retina_logo":0,"ocean_custom_logo_max_width":0,"ocean_custom_logo_tablet_max_width":0,"ocean_custom_logo_mobile_max_width":0,"ocean_custom_logo_max_height":0,"ocean_custom_logo_tablet_max_height":0,"ocean_custom_logo_mobile_max_height":0,"ocean_header_custom_menu":"0","ocean_menu_typo_font_family":"0","ocean_menu_typo_font_subset":"","ocean_menu_typo_font_size":0,"ocean_menu_typo_font_size_tablet":0,"ocean_menu_typo_font_size_mobile":0,"ocean_menu_typo_font_size_unit":"px","ocean_menu_typo_font_weight":"","ocean_menu_typo_font_weight_tablet":"","ocean_menu_typo_font_weight_mobile":"","ocean_menu_typo_transform":"","ocean_menu_typo_transform_tablet":"","ocean_menu_typo_transform_mobile":"","ocean_menu_typo_line_height":0,"ocean_menu_typo_line_height_tablet":0,"ocean_menu_typo_line_height_mobile":0,"ocean_menu_typo_line_height_unit":"","ocean_menu_typo_spacing":0,"ocean_menu_typo_spacing_tablet":0,"ocean_menu_typo_spacing_mobile":0,"ocean_menu_typo_spacing_unit":"","ocean_menu_link_color":"","ocean_menu_link_color_hover":"","ocean_menu_link_color_active":"","ocean_menu_link_background":"","ocean_menu_link_hover_background":"","ocean_menu_link_active_background":"","ocean_menu_social_links_bg":"","ocean_menu_social_hover_links_bg":"","ocean_menu_social_links_color":"","ocean_menu_social_hover_links_color":"","ocean_disable_title":"default","ocean_disable_heading":"default","ocean_post_title":"","ocean_post_subheading":"","ocean_post_title_style":"","ocean_post_title_background_color":"","ocean_post_title_background":0,"ocean_post_title_bg_image_position":"","ocean_post_title_bg_image_attachment":"","ocean_post_title_bg_image_repeat":"","ocean_post_title_bg_image_size":"","ocean_post_title_height":0,"ocean_post_title_bg_overlay":0.5,"ocean_post_title_bg_overlay_color":"","ocean_disable_breadcrumbs":"default","ocean_breadcrumbs_color":"","ocean_breadcrumbs_separator_color":"","ocean_breadcrumbs_links_color":"","ocean_breadcrumbs_links_hover_color":"","ocean_display_footer_widgets":"default","ocean_display_footer_bottom":"default","ocean_custom_footer_template":"0"},"product_brand":[],"product_cat":[52],"product_tag":[],"class_list":{"0":"post-6590","1":"product","2":"type-product","3":"status-publish","4":"has-post-thumbnail","6":"product_cat-accessori","8":"entry","9":"has-media","11":"first","12":"instock","13":"sale","14":"shipping-taxable","15":"purchasable","16":"product-type-variable","17":"has-product-nav","18":"col","19":"span_1_of_3","20":"owp-content-center","21":"owp-thumbs-layout-horizontal","22":"owp-btn-normal","23":"owp-tabs-layout-horizontal"},"_links":{"self":[{"href":"https:\/\/free-eshop.com\/fr\/wp-json\/wp\/v2\/product\/6590","targetHints":{"allow":["GET"]}}],"collection":[{"href":"https:\/\/free-eshop.com\/fr\/wp-json\/wp\/v2\/product"}],"about":[{"href":"https:\/\/free-eshop.com\/fr\/wp-json\/wp\/v2\/types\/product"}],"replies":[{"embeddable":true,"href":"https:\/\/free-eshop.com\/fr\/wp-json\/wp\/v2\/comments?post=6590"}],"version-history":[{"count":2,"href":"https:\/\/free-eshop.com\/fr\/wp-json\/wp\/v2\/product\/6590\/revisions"}],"predecessor-version":[{"id":6600,"href":"https:\/\/free-eshop.com\/fr\/wp-json\/wp\/v2\/product\/6590\/revisions\/6600"}],"wp:featuredmedia":[{"embeddable":true,"href":"https:\/\/free-eshop.com\/fr\/wp-json\/wp\/v2\/media\/6591"}],"wp:attachment":[{"href":"https:\/\/free-eshop.com\/fr\/wp-json\/wp\/v2\/media?parent=6590"}],"wp:term":[{"taxonomy":"product_brand","embeddable":true,"href":"https:\/\/free-eshop.com\/fr\/wp-json\/wp\/v2\/product_brand?post=6590"},{"taxonomy":"product_cat","embeddable":true,"href":"https:\/\/free-eshop.com\/fr\/wp-json\/wp\/v2\/product_cat?post=6590"},{"taxonomy":"product_tag","embeddable":true,"href":"https:\/\/free-eshop.com\/fr\/wp-json\/wp\/v2\/product_tag?post=6590"}],"curies":[{"name":"wp","href":"https:\/\/api.w.org\/{rel}","templated":true}]}}