{"id":6601,"date":"2025-12-10T15:58:29","date_gmt":"2025-12-10T15:58:29","guid":{"rendered":"https:\/\/free-eshop.com\/?post_type=product&#038;p=6601"},"modified":"2025-12-10T17:05:45","modified_gmt":"2025-12-10T17:05:45","slug":"jbl-charge-6","status":"publish","type":"product","link":"https:\/\/free-eshop.com\/fr\/produit\/jbl-charge-6\/","title":{"rendered":"JBL CHARGE 6"},"content":{"rendered":"","protected":false},"excerpt":{"rendered":"<p><strong>Riproduci e ricarica ovunque<\/strong><br \/>\nCome la nuova stagione della nostra serie preferita, JBL Charge \u00e8 tornato,\u00a0pi\u00f9 straordinario che mai. Charge 6 racchiude tutto ci\u00f2 che amiamo con\u00a0nuove sorprese, emozioni pi\u00f9 intense e un impatto ancora pi\u00f9 potente.<br \/>\nCon un suono che dura come mai prima d\u2019ora, una migliore connettivit\u00e0,\u00a0una struttura pi\u00f9 robusta e fino a 28 ore di riproduzione, Charge 6 \u00e8 un\u00a0portento dell\u2019audio portatile.<br \/>\nCome facciamo a racchiudere ancora pi\u00f9 potenza sonora nello stesso\u00a0iconico design di diffusori portatili? Con un hardware riprogettato e\u00a0il nostro nuovissimo JBL AI Sound Boost, un ingegnoso algoritmo di\u00a0elaborazione audio integrato dietro le quinte. Il risultato finale? Charge 6\u00a0supera ogni aspettativa, riempiendo l\u2019ambiente con un suono pieno, ricco e\u00a0avvolgente, occupando esattamente lo stesso spazio.<br \/>\nCharge 6 \u00e8 anche uno dei diffusori portatili pi\u00f9 resistenti al mondo. \u00c8\u00a0waterproof, antipolvere e antiurto, quindi incassa i colpi senza perdere un\u00a0colpo. E, fedele al suo nome, Charge 6 include ancora un power bank built-in\u00a0per caricare il tuo dispositivo mobile mentre continui a goderti i tuoi brani.<br \/>\nCosa pu\u00f2 esserci di meglio di un nuovo JBL Charge 6 nella nostra vita?<br \/>\nMagari due, oppure quattro! Ora \u00e8 possibile connettersi facilmente con\u00a0altri diffusori JBL compatibili con Auracast\u2122 per avvolgere pi\u00f9 spazio\u00a0(e orecchie) con la stessa playlist, che si tratti di organizzare la pi\u00f9\u00a0sensazionale festa in terrazza o di annunciare al meglio l\u2019ultimo torneo di\u00a0pickle ball.<br \/>\nQuesto \u00e8 JBL Charge 6. Audio portatile come non l\u2019abbiamo mai sentito\u00a0prima.<\/p>","protected":false},"featured_media":6602,"comment_status":"open","ping_status":"closed","template":"","meta":{"ocean_post_layout":"","ocean_both_sidebars_style":"","ocean_both_sidebars_content_width":0,"ocean_both_sidebars_sidebars_width":0,"ocean_sidebar":"0","ocean_second_sidebar":"0","ocean_disable_margins":"enable","ocean_add_body_class":"","ocean_shortcode_before_top_bar":"","ocean_shortcode_after_top_bar":"","ocean_shortcode_before_header":"","ocean_shortcode_after_header":"","ocean_has_shortcode":"","ocean_shortcode_after_title":"","ocean_shortcode_before_footer_widgets":"","ocean_shortcode_after_footer_widgets":"","ocean_shortcode_before_footer_bottom":"","ocean_shortcode_after_footer_bottom":"","ocean_display_top_bar":"default","ocean_display_header":"default","ocean_header_style":"","ocean_center_header_left_menu":"0","ocean_custom_header_template":"0","ocean_custom_logo":0,"ocean_custom_retina_logo":0,"ocean_custom_logo_max_width":0,"ocean_custom_logo_tablet_max_width":0,"ocean_custom_logo_mobile_max_width":0,"ocean_custom_logo_max_height":0,"ocean_custom_logo_tablet_max_height":0,"ocean_custom_logo_mobile_max_height":0,"ocean_header_custom_menu":"0","ocean_menu_typo_font_family":"0","ocean_menu_typo_font_subset":"","ocean_menu_typo_font_size":0,"ocean_menu_typo_font_size_tablet":0,"ocean_menu_typo_font_size_mobile":0,"ocean_menu_typo_font_size_unit":"px","ocean_menu_typo_font_weight":"","ocean_menu_typo_font_weight_tablet":"","ocean_menu_typo_font_weight_mobile":"","ocean_menu_typo_transform":"","ocean_menu_typo_transform_tablet":"","ocean_menu_typo_transform_mobile":"","ocean_menu_typo_line_height":0,"ocean_menu_typo_line_height_tablet":0,"ocean_menu_typo_line_height_mobile":0,"ocean_menu_typo_line_height_unit":"","ocean_menu_typo_spacing":0,"ocean_menu_typo_spacing_tablet":0,"ocean_menu_typo_spacing_mobile":0,"ocean_menu_typo_spacing_unit":"","ocean_menu_link_color":"","ocean_menu_link_color_hover":"","ocean_menu_link_color_active":"","ocean_menu_link_background":"","ocean_menu_link_hover_background":"","ocean_menu_link_active_background":"","ocean_menu_social_links_bg":"","ocean_menu_social_hover_links_bg":"","ocean_menu_social_links_color":"","ocean_menu_social_hover_links_color":"","ocean_disable_title":"default","ocean_disable_heading":"default","ocean_post_title":"","ocean_post_subheading":"","ocean_post_title_style":"","ocean_post_title_background_color":"","ocean_post_title_background":0,"ocean_post_title_bg_image_position":"","ocean_post_title_bg_image_attachment":"","ocean_post_title_bg_image_repeat":"","ocean_post_title_bg_image_size":"","ocean_post_title_height":0,"ocean_post_title_bg_overlay":0.5,"ocean_post_title_bg_overlay_color":"","ocean_disable_breadcrumbs":"default","ocean_breadcrumbs_color":"","ocean_breadcrumbs_separator_color":"","ocean_breadcrumbs_links_color":"","ocean_breadcrumbs_links_hover_color":"","ocean_display_footer_widgets":"default","ocean_display_footer_bottom":"default","ocean_custom_footer_template":"0"},"product_brand":[],"product_cat":[52],"product_tag":[],"class_list":{"0":"post-6601","1":"product","2":"type-product","3":"status-publish","4":"has-post-thumbnail","6":"product_cat-accessori","8":"entry","9":"has-media","11":"first","12":"instock","13":"sale","14":"shipping-taxable","15":"purchasable","16":"product-type-variable","17":"has-product-nav","18":"col","19":"span_1_of_3","20":"owp-content-center","21":"owp-thumbs-layout-horizontal","22":"owp-btn-normal","23":"owp-tabs-layout-horizontal"},"_links":{"self":[{"href":"https:\/\/free-eshop.com\/fr\/wp-json\/wp\/v2\/product\/6601","targetHints":{"allow":["GET"]}}],"collection":[{"href":"https:\/\/free-eshop.com\/fr\/wp-json\/wp\/v2\/product"}],"about":[{"href":"https:\/\/free-eshop.com\/fr\/wp-json\/wp\/v2\/types\/product"}],"replies":[{"embeddable":true,"href":"https:\/\/free-eshop.com\/fr\/wp-json\/wp\/v2\/comments?post=6601"}],"version-history":[{"count":1,"href":"https:\/\/free-eshop.com\/fr\/wp-json\/wp\/v2\/product\/6601\/revisions"}],"predecessor-version":[{"id":6605,"href":"https:\/\/free-eshop.com\/fr\/wp-json\/wp\/v2\/product\/6601\/revisions\/6605"}],"wp:featuredmedia":[{"embeddable":true,"href":"https:\/\/free-eshop.com\/fr\/wp-json\/wp\/v2\/media\/6602"}],"wp:attachment":[{"href":"https:\/\/free-eshop.com\/fr\/wp-json\/wp\/v2\/media?parent=6601"}],"wp:term":[{"taxonomy":"product_brand","embeddable":true,"href":"https:\/\/free-eshop.com\/fr\/wp-json\/wp\/v2\/product_brand?post=6601"},{"taxonomy":"product_cat","embeddable":true,"href":"https:\/\/free-eshop.com\/fr\/wp-json\/wp\/v2\/product_cat?post=6601"},{"taxonomy":"product_tag","embeddable":true,"href":"https:\/\/free-eshop.com\/fr\/wp-json\/wp\/v2\/product_tag?post=6601"}],"curies":[{"name":"wp","href":"https:\/\/api.w.org\/{rel}","templated":true}]}}