{"id":6655,"date":"2025-12-12T08:21:39","date_gmt":"2025-12-12T08:21:39","guid":{"rendered":"https:\/\/free-eshop.com\/?post_type=product&#038;p=6655"},"modified":"2025-12-12T08:21:40","modified_gmt":"2025-12-12T08:21:40","slug":"macchina-caffe-espresso-de-longhi-magnifica-start-1-8l-1450w","status":"publish","type":"product","link":"https:\/\/free-eshop.com\/fr\/produit\/macchina-caffe-espresso-de-longhi-magnifica-start-1-8l-1450w\/","title":{"rendered":"Macchina caffe&#8217; espresso De longhi Magnifica Start 1.8l 1450W"},"content":{"rendered":"<p>Potenza: 1450 W<br \/>\nPressione della pompa: 15 bar<br \/>\nClasse energetica: A<br \/>\nVoltaggio\/frequenza: 220\/240~50\/60 V~Hz<br \/>\nVolume del serbatoio dell&#8217;acqua: 1,8 l<br \/>\nCapacit\u00e0 contenitore caff\u00e8 in grani: 250 g<br \/>\nDistributore caff\u00e8 regolabile: 90 &#8211; 140 mm<br \/>\nPannello di controllo intuitivo con pulsanti a sfioramento<br \/>\n5 pulsanti per preparare una bevanda con una sola pressione<br \/>\nTemperatura regolabile &#8211; 3 livelli<br \/>\nAroma regolabile &#8211; 3 livelli<br \/>\nMacinino silenzioso incorporato con 13 impostazioni di macinatura grossolana<br \/>\nVaschetta raccogligocce antigraffio con portabicchiere in acciaio inox e griglia e vaschetta in plastica removibili e lavabili in lavastoviglie<br \/>\nBlocco infusore rimovibile per una pulizia pi\u00f9 semplice<br \/>\nDimensioni (A x L x P): 35 x 24 x 44 cm<br \/>\nPeso: 8,9 kg<br \/>\nColore: nero\/argento<\/p>","protected":false},"excerpt":{"rendered":"<p>De Longhi ECAM220.80.SB Magnifica Start Macchina da caff\u00e8 automatica &#8211; argento\/nero<br \/>\nMagnifica Start \u00e8 la macchina che racchiude l&#8217;esperienza, il know-how e la tecnologia De&#8217;Longhi per offrire sempre il miglior risultato in tazza. Appositamente progettato per i consumatori nuovi al mondo delle macchine per caff\u00e8 espresso completamente automatiche, che cercano una &#8220;esperienza one-touch&#8221;. La nuova macchina per caff\u00e8 espresso completamente automatica De&#8217;Longhi soddisfa tutti i gusti del caff\u00e8 con un&#8217;interfaccia facile da usare e una selezione di bevande su misura, erogate con il semplice tocco di un pulsante. Goditi un&#8217;interfaccia semplice con icone in bianco e nero per ricette di caff\u00e8 preimpostate con un solo tocco visualizzate sul pannello di controllo.<br \/>\nPannello di controllo intuitivo con 5 icone in bianco e nero soft-touch: esplora un&#8217;interfaccia intuitiva e funzionalit\u00e0 con icone in bianco e nero dedicate per le tue bevande predefinite preferite, con il semplice tocco di un pulsante.<br \/>\nFacile da pulire: funzione automatica &#8220;Clean&#8221; integrata nel pulsante di controllo della schiuma, in modo che il serbatoio del latte rimuova facilmente i residui di latte prima di riporlo nel koelkast. Vassoio di raccolta antigraffio con griglia in acciaio inox. Il vassoio di raccolta \u00e8 estraibile e lavabile in lavastoviglie.<br \/>\nLatteCrema Calda lattiera piccola: goditi un mix perfetto di piacere: le tue bevande al latte cremose, con schiuma di latte compatta, sempre alla temperatura ideale, fino all&#8217;ultima goccia.<br \/>\nPersonalizzare le bevande non \u00e8 mai stato cos\u00ec semplice: prova un gusto forte, medio o delicato<br \/>\nPossibilit\u00e0 di utilizzare sia caff\u00e8 in grani che pre-macinato<br \/>\nPossibilit\u00e0 di selezionare \u201cx2\u201d, per un doppio espresso<br \/>\nMacinino incorporato con 13 impostazioni regolabili<br \/>\nVassoio di raccolta con griglia removibile e lavabile in lavastoviglie per la massima igiene<br \/>\nGruppo caff\u00e8 estraibile per una facile pulizia e manutenzione<\/p>","protected":false},"featured_media":6656,"comment_status":"open","ping_status":"closed","template":"","meta":{"ocean_post_layout":"","ocean_both_sidebars_style":"","ocean_both_sidebars_content_width":0,"ocean_both_sidebars_sidebars_width":0,"ocean_sidebar":"0","ocean_second_sidebar":"0","ocean_disable_margins":"enable","ocean_add_body_class":"","ocean_shortcode_before_top_bar":"","ocean_shortcode_after_top_bar":"","ocean_shortcode_before_header":"","ocean_shortcode_after_header":"","ocean_has_shortcode":"","ocean_shortcode_after_title":"","ocean_shortcode_before_footer_widgets":"","ocean_shortcode_after_footer_widgets":"","ocean_shortcode_before_footer_bottom":"","ocean_shortcode_after_footer_bottom":"","ocean_display_top_bar":"default","ocean_display_header":"default","ocean_header_style":"","ocean_center_header_left_menu":"0","ocean_custom_header_template":"0","ocean_custom_logo":0,"ocean_custom_retina_logo":0,"ocean_custom_logo_max_width":0,"ocean_custom_logo_tablet_max_width":0,"ocean_custom_logo_mobile_max_width":0,"ocean_custom_logo_max_height":0,"ocean_custom_logo_tablet_max_height":0,"ocean_custom_logo_mobile_max_height":0,"ocean_header_custom_menu":"0","ocean_menu_typo_font_family":"0","ocean_menu_typo_font_subset":"","ocean_menu_typo_font_size":0,"ocean_menu_typo_font_size_tablet":0,"ocean_menu_typo_font_size_mobile":0,"ocean_menu_typo_font_size_unit":"px","ocean_menu_typo_font_weight":"","ocean_menu_typo_font_weight_tablet":"","ocean_menu_typo_font_weight_mobile":"","ocean_menu_typo_transform":"","ocean_menu_typo_transform_tablet":"","ocean_menu_typo_transform_mobile":"","ocean_menu_typo_line_height":0,"ocean_menu_typo_line_height_tablet":0,"ocean_menu_typo_line_height_mobile":0,"ocean_menu_typo_line_height_unit":"","ocean_menu_typo_spacing":0,"ocean_menu_typo_spacing_tablet":0,"ocean_menu_typo_spacing_mobile":0,"ocean_menu_typo_spacing_unit":"","ocean_menu_link_color":"","ocean_menu_link_color_hover":"","ocean_menu_link_color_active":"","ocean_menu_link_background":"","ocean_menu_link_hover_background":"","ocean_menu_link_active_background":"","ocean_menu_social_links_bg":"","ocean_menu_social_hover_links_bg":"","ocean_menu_social_links_color":"","ocean_menu_social_hover_links_color":"","ocean_disable_title":"default","ocean_disable_heading":"default","ocean_post_title":"","ocean_post_subheading":"","ocean_post_title_style":"","ocean_post_title_background_color":"","ocean_post_title_background":0,"ocean_post_title_bg_image_position":"","ocean_post_title_bg_image_attachment":"","ocean_post_title_bg_image_repeat":"","ocean_post_title_bg_image_size":"","ocean_post_title_height":0,"ocean_post_title_bg_overlay":0.5,"ocean_post_title_bg_overlay_color":"","ocean_disable_breadcrumbs":"default","ocean_breadcrumbs_color":"","ocean_breadcrumbs_separator_color":"","ocean_breadcrumbs_links_color":"","ocean_breadcrumbs_links_hover_color":"","ocean_display_footer_widgets":"default","ocean_display_footer_bottom":"default","ocean_custom_footer_template":"0"},"product_brand":[],"product_cat":[77],"product_tag":[],"class_list":{"0":"post-6655","1":"product","2":"type-product","3":"status-publish","4":"has-post-thumbnail","6":"product_cat-macchina-da-caffe","8":"entry","9":"has-media","11":"first","12":"instock","13":"sale","14":"shipping-taxable","15":"purchasable","16":"product-type-simple","17":"has-product-nav","18":"col","19":"span_1_of_3","20":"owp-content-center","21":"owp-thumbs-layout-horizontal","22":"owp-btn-normal","23":"owp-tabs-layout-horizontal"},"_links":{"self":[{"href":"https:\/\/free-eshop.com\/fr\/wp-json\/wp\/v2\/product\/6655","targetHints":{"allow":["GET"]}}],"collection":[{"href":"https:\/\/free-eshop.com\/fr\/wp-json\/wp\/v2\/product"}],"about":[{"href":"https:\/\/free-eshop.com\/fr\/wp-json\/wp\/v2\/types\/product"}],"replies":[{"embeddable":true,"href":"https:\/\/free-eshop.com\/fr\/wp-json\/wp\/v2\/comments?post=6655"}],"version-history":[{"count":1,"href":"https:\/\/free-eshop.com\/fr\/wp-json\/wp\/v2\/product\/6655\/revisions"}],"predecessor-version":[{"id":6665,"href":"https:\/\/free-eshop.com\/fr\/wp-json\/wp\/v2\/product\/6655\/revisions\/6665"}],"wp:featuredmedia":[{"embeddable":true,"href":"https:\/\/free-eshop.com\/fr\/wp-json\/wp\/v2\/media\/6656"}],"wp:attachment":[{"href":"https:\/\/free-eshop.com\/fr\/wp-json\/wp\/v2\/media?parent=6655"}],"wp:term":[{"taxonomy":"product_brand","embeddable":true,"href":"https:\/\/free-eshop.com\/fr\/wp-json\/wp\/v2\/product_brand?post=6655"},{"taxonomy":"product_cat","embeddable":true,"href":"https:\/\/free-eshop.com\/fr\/wp-json\/wp\/v2\/product_cat?post=6655"},{"taxonomy":"product_tag","embeddable":true,"href":"https:\/\/free-eshop.com\/fr\/wp-json\/wp\/v2\/product_tag?post=6655"}],"curies":[{"name":"wp","href":"https:\/\/api.w.org\/{rel}","templated":true}]}}