{"id":6666,"date":"2025-12-12T08:38:10","date_gmt":"2025-12-12T08:38:10","guid":{"rendered":"https:\/\/free-eshop.com\/?post_type=product&#038;p=6666"},"modified":"2025-12-12T08:38:11","modified_gmt":"2025-12-12T08:38:11","slug":"macchina-caffe-espresso-delonghi-magnifica-evo-next-ecam310-60-gb-1-8l-250g","status":"publish","type":"product","link":"https:\/\/free-eshop.com\/fr\/produit\/macchina-caffe-espresso-delonghi-magnifica-evo-next-ecam310-60-gb-1-8l-250g\/","title":{"rendered":"Macchina caffe&#8217; espresso De&#8217;Longhi Magnifica Evo Next ECAM310.60.GB 1.8l 250g"},"content":{"rendered":"<p>Magnifica Evo Next ECAM310.60. GB porta la migliore esperienza di caff\u00e8 De&#8217;Longhi direttamente nella tua cucina. Con questa macchina da caff\u00e8, puoi sempre preparare una tazza di caff\u00e8 perfetta senza sforzo grazie alla sua interfaccia intuitiva. Con il nuovo display TFT a colori con icone e pulsanti di navigazione, puoi preparare in modo rapido e semplice 10 deliziose ricette a base di caff\u00e8.<\/p>\n<p>Personalizza senza sforzo la tua bevanda ideale scegliendo tra 5 lunghezze, 4 livelli di intensit\u00e0 e 3 opzioni di temperatura. Con la funzione My, puoi creare una tazza di caff\u00e8 completamente personalizzata che puoi salvare nel tuo profilo personale, in modo che la macchina ricordi le tue preferenze di gusto.<\/p>\n<p>Grazie alla tecnologia LatteCrema Hot, puoi sempre gustare una schiuma di latte cremosa e deliziosa alla temperatura ideale per tutte le tue bevande a base di latte. Magnifica Evo Next ECAM310.60. GB unisce innovazione e praticit\u00e0 per la migliore esperienza di caff\u00e8 a casa.<\/p>\n<p>Assistenza a domicilio De&#8217;Longhi gratuita<br \/>\nCon De&#8217;Longhi, la manutenzione di una macchina da caff\u00e8 \u00e8 facile da effettuare autonomamente. Segui i passaggi indicati sulla macchina, oppure consulta il manuale o il canale De&#8217;Longhi &#8220;How-to&#8221; per istruzioni chiare. Hai un problema imprevisto con la tua macchina o non riesci ancora a risolverlo? De&#8217;Longhi offre un servizio di assistenza a domicilio gratuito su tutte le macchine da caff\u00e8, durante il quale un nostro tecnico certificato verr\u00e0 a casa tua per verificare il problema e risolverlo immediatamente. Visita delonghi.nl per termini e condizioni e maggiori informazioni.<\/p>\n<p>Cosa rende Magnifica Evo Next la macchina ideale per me? \u2022 10 bevande a base di caff\u00e8 e latte<br \/>\n\u2022 Caraffa del latte facile da pulire con la semplice pressione di un pulsante<br \/>\n\u2022 Pannello di controllo intuitivo con 6 pulsanti colorati soft-touch per preparare facilmente le tue ricette pi\u00f9 importanti<br \/>\n\u2022 Display TFT a colori da 2,4 pollici e pulsanti di navigazione retroilluminati<br \/>\n\u2022 Personalizzazione delle bevande: da un aroma leggero a uno delicato e 3 diverse impostazioni di temperatura<br \/>\n\u2022 Funzione My per regolare la quantit\u00e0 di bevanda in base ai gusti<br \/>\n\u2022 3 profili utente<br \/>\n\u2022 Pu\u00f2 utilizzare sia chicchi interi che caff\u00e8 macinato<br \/>\n\u2022 Pu\u00f2 preparare 2 espressi contemporaneamente<br \/>\n\u2022 Macinacaff\u00e8 integrato con 13 impostazioni di macinatura regolabili<br \/>\n\u2022 Vaschetta raccogligocce antigraffio con rete in plastica rimovibile e lavabile in lavastoviglie per la massima durata e igiene<br \/>\n\u2022 Gruppo erogatore rimovibile per una facile pulizia e manutenzione<br \/>\n\u2022 Contenitore per chicchi da 250 g<\/p>","protected":false},"excerpt":{"rendered":"<h2>Specifiche generali<\/h2>\n<table>\n<tbody>\n<tr>\n<th>Caratteristica<\/th>\n<th>Valore<\/th>\n<\/tr>\n<tr>\n<td>Timer<\/td>\n<td>S\u00cc<\/td>\n<\/tr>\n<tr>\n<td>Meccanismo di infusione rimovibile<\/td>\n<td>NO<\/td>\n<\/tr>\n<tr>\n<td>Un tocco<\/td>\n<td>S\u00cc<\/td>\n<\/tr>\n<tr>\n<td>Montalatte<\/td>\n<td>Lancia vapore<\/td>\n<\/tr>\n<tr>\n<td>Funzione di memoria<\/td>\n<td>S\u00cc<\/td>\n<\/tr>\n<tr>\n<td>Opzione caff\u00e8 macinato<\/td>\n<td>S\u00cc<\/td>\n<\/tr>\n<tr>\n<td>Macinacaff\u00e8 regolabile<\/td>\n<td>NO<\/td>\n<\/tr>\n<tr>\n<td>Vassoio raccogligocce pieghevole<\/td>\n<td>NO<\/td>\n<\/tr>\n<tr>\n<td>Controlli elettronici<\/td>\n<td>S\u00cc<\/td>\n<\/tr>\n<tr>\n<td>Opzioni di bevande<\/td>\n<td>10<\/td>\n<\/tr>\n<tr>\n<td>Colore di base<\/td>\n<td>Nero<\/td>\n<\/tr>\n<tr>\n<td>Tipo di macchina per il caff\u00e8<\/td>\n<td>Dal chicco alla tazza<\/td>\n<\/tr>\n<tr>\n<td>Risciacquo automatico<\/td>\n<td>NO<\/td>\n<\/tr>\n<tr>\n<td>Spegnimento automatico<\/td>\n<td>S\u00cc<\/td>\n<\/tr>\n<tr>\n<td>Funzione di pulizia automatica<\/td>\n<td>S\u00cc<\/td>\n<\/tr>\n<tr>\n<td>Selettore di aromi<\/td>\n<td>S\u00cc<\/td>\n<\/tr>\n<tr>\n<td>Stile<\/td>\n<td>Fine<\/td>\n<\/tr>\n<tr>\n<td>Materiale<\/td>\n<td>Acciaio inossidabile<\/td>\n<\/tr>\n<\/tbody>\n<\/table>\n<h2>Dimensioni della scatola\/spedizione<\/h2>\n<table>\n<tbody>\n<tr>\n<th>Caratteristica<\/th>\n<th>Valore<\/th>\n<\/tr>\n<tr>\n<td>Peso lordo<\/td>\n<td>9,6 kg<\/td>\n<\/tr>\n<tr>\n<td>Altezza<\/td>\n<td>40 cm<\/td>\n<\/tr>\n<tr>\n<td>Lunghezza \/ Profondit\u00e0<\/td>\n<td>48,8 cm<\/td>\n<\/tr>\n<tr>\n<td>Peso netto<\/td>\n<td>9,35 kg<\/td>\n<\/tr>\n<tr>\n<td>Larghezza<\/td>\n<td>29,5 cm<\/td>\n<\/tr>\n<\/tbody>\n<\/table>\n<h2>Dimensioni generali<\/h2>\n<table>\n<tbody>\n<tr>\n<th>Caratteristica<\/th>\n<th>Valore<\/th>\n<\/tr>\n<tr>\n<td>Capacit\u00e0 del serbatoio dell&#8217;acqua<\/td>\n<td>1,8 l<\/td>\n<\/tr>\n<\/tbody>\n<\/table>","protected":false},"featured_media":6667,"comment_status":"open","ping_status":"closed","template":"","meta":{"ocean_post_layout":"","ocean_both_sidebars_style":"","ocean_both_sidebars_content_width":0,"ocean_both_sidebars_sidebars_width":0,"ocean_sidebar":"0","ocean_second_sidebar":"0","ocean_disable_margins":"enable","ocean_add_body_class":"","ocean_shortcode_before_top_bar":"","ocean_shortcode_after_top_bar":"","ocean_shortcode_before_header":"","ocean_shortcode_after_header":"","ocean_has_shortcode":"","ocean_shortcode_after_title":"","ocean_shortcode_before_footer_widgets":"","ocean_shortcode_after_footer_widgets":"","ocean_shortcode_before_footer_bottom":"","ocean_shortcode_after_footer_bottom":"","ocean_display_top_bar":"default","ocean_display_header":"default","ocean_header_style":"","ocean_center_header_left_menu":"0","ocean_custom_header_template":"0","ocean_custom_logo":0,"ocean_custom_retina_logo":0,"ocean_custom_logo_max_width":0,"ocean_custom_logo_tablet_max_width":0,"ocean_custom_logo_mobile_max_width":0,"ocean_custom_logo_max_height":0,"ocean_custom_logo_tablet_max_height":0,"ocean_custom_logo_mobile_max_height":0,"ocean_header_custom_menu":"0","ocean_menu_typo_font_family":"0","ocean_menu_typo_font_subset":"","ocean_menu_typo_font_size":0,"ocean_menu_typo_font_size_tablet":0,"ocean_menu_typo_font_size_mobile":0,"ocean_menu_typo_font_size_unit":"px","ocean_menu_typo_font_weight":"","ocean_menu_typo_font_weight_tablet":"","ocean_menu_typo_font_weight_mobile":"","ocean_menu_typo_transform":"","ocean_menu_typo_transform_tablet":"","ocean_menu_typo_transform_mobile":"","ocean_menu_typo_line_height":0,"ocean_menu_typo_line_height_tablet":0,"ocean_menu_typo_line_height_mobile":0,"ocean_menu_typo_line_height_unit":"","ocean_menu_typo_spacing":0,"ocean_menu_typo_spacing_tablet":0,"ocean_menu_typo_spacing_mobile":0,"ocean_menu_typo_spacing_unit":"","ocean_menu_link_color":"","ocean_menu_link_color_hover":"","ocean_menu_link_color_active":"","ocean_menu_link_background":"","ocean_menu_link_hover_background":"","ocean_menu_link_active_background":"","ocean_menu_social_links_bg":"","ocean_menu_social_hover_links_bg":"","ocean_menu_social_links_color":"","ocean_menu_social_hover_links_color":"","ocean_disable_title":"default","ocean_disable_heading":"default","ocean_post_title":"","ocean_post_subheading":"","ocean_post_title_style":"","ocean_post_title_background_color":"","ocean_post_title_background":0,"ocean_post_title_bg_image_position":"","ocean_post_title_bg_image_attachment":"","ocean_post_title_bg_image_repeat":"","ocean_post_title_bg_image_size":"","ocean_post_title_height":0,"ocean_post_title_bg_overlay":0.5,"ocean_post_title_bg_overlay_color":"","ocean_disable_breadcrumbs":"default","ocean_breadcrumbs_color":"","ocean_breadcrumbs_separator_color":"","ocean_breadcrumbs_links_color":"","ocean_breadcrumbs_links_hover_color":"","ocean_display_footer_widgets":"default","ocean_display_footer_bottom":"default","ocean_custom_footer_template":"0"},"product_brand":[],"product_cat":[77],"product_tag":[],"class_list":{"0":"post-6666","1":"product","2":"type-product","3":"status-publish","4":"has-post-thumbnail","6":"product_cat-macchina-da-caffe","8":"entry","9":"has-media","11":"first","12":"instock","13":"sale","14":"shipping-taxable","15":"purchasable","16":"product-type-simple","17":"has-product-nav","18":"col","19":"span_1_of_3","20":"owp-content-center","21":"owp-thumbs-layout-horizontal","22":"owp-btn-normal","23":"owp-tabs-layout-horizontal"},"_links":{"self":[{"href":"https:\/\/free-eshop.com\/fr\/wp-json\/wp\/v2\/product\/6666","targetHints":{"allow":["GET"]}}],"collection":[{"href":"https:\/\/free-eshop.com\/fr\/wp-json\/wp\/v2\/product"}],"about":[{"href":"https:\/\/free-eshop.com\/fr\/wp-json\/wp\/v2\/types\/product"}],"replies":[{"embeddable":true,"href":"https:\/\/free-eshop.com\/fr\/wp-json\/wp\/v2\/comments?post=6666"}],"version-history":[{"count":1,"href":"https:\/\/free-eshop.com\/fr\/wp-json\/wp\/v2\/product\/6666\/revisions"}],"predecessor-version":[{"id":6671,"href":"https:\/\/free-eshop.com\/fr\/wp-json\/wp\/v2\/product\/6666\/revisions\/6671"}],"wp:featuredmedia":[{"embeddable":true,"href":"https:\/\/free-eshop.com\/fr\/wp-json\/wp\/v2\/media\/6667"}],"wp:attachment":[{"href":"https:\/\/free-eshop.com\/fr\/wp-json\/wp\/v2\/media?parent=6666"}],"wp:term":[{"taxonomy":"product_brand","embeddable":true,"href":"https:\/\/free-eshop.com\/fr\/wp-json\/wp\/v2\/product_brand?post=6666"},{"taxonomy":"product_cat","embeddable":true,"href":"https:\/\/free-eshop.com\/fr\/wp-json\/wp\/v2\/product_cat?post=6666"},{"taxonomy":"product_tag","embeddable":true,"href":"https:\/\/free-eshop.com\/fr\/wp-json\/wp\/v2\/product_tag?post=6666"}],"curies":[{"name":"wp","href":"https:\/\/api.w.org\/{rel}","templated":true}]}}