{"id":6672,"date":"2025-12-12T09:04:13","date_gmt":"2025-12-12T09:04:13","guid":{"rendered":"https:\/\/free-eshop.com\/?post_type=product&#038;p=6672"},"modified":"2025-12-12T09:04:14","modified_gmt":"2025-12-12T09:04:14","slug":"macchina-da-caffe-delonghi-ecam-350-35-sb-dinamica","status":"publish","type":"product","link":"https:\/\/free-eshop.com\/fr\/produit\/macchina-da-caffe-delonghi-ecam-350-35-sb-dinamica\/","title":{"rendered":"Macchina da caffe&#8217; DeLonghi ECAM 350.35.SB Dinamica"},"content":{"rendered":"<h2>Specifiche Tecniche<\/h2>\n<h3>Dettagli tecnici<\/h3>\n<table>\n<tbody>\n<tr>\n<th>Caratteristica<\/th>\n<th>Valore<\/th>\n<\/tr>\n<tr>\n<td>Pressione pompa<\/td>\n<td>15 bar<\/td>\n<\/tr>\n<\/tbody>\n<\/table>\n<h2>Prestazione<\/h2>\n<table>\n<tbody>\n<tr>\n<th>Caratteristica<\/th>\n<th>Valore<\/th>\n<\/tr>\n<tr>\n<td>Tipologia di caff\u00e8 utilizzato<\/td>\n<td>Chicchi di caff\u00e8, Caff\u00e8 macinato<\/td>\n<\/tr>\n<tr>\n<td>Preparazione di caff\u00e8<\/td>\n<td>Si<\/td>\n<\/tr>\n<tr>\n<td>Preparazione di caff\u00e8 ristretto<\/td>\n<td>No<\/td>\n<\/tr>\n<tr>\n<td>Preparazione di caff\u00e8 espresso<\/td>\n<td>Si<\/td>\n<\/tr>\n<tr>\n<td>Preparazione di caff\u00e8 americano<\/td>\n<td>No<\/td>\n<\/tr>\n<tr>\n<td>Preparazione di cappuccino<\/td>\n<td>No<\/td>\n<\/tr>\n<tr>\n<td>Preparazione caff\u00e8 latte<\/td>\n<td>No<\/td>\n<\/tr>\n<tr>\n<td>Sistema di acqua calda<\/td>\n<td>No<\/td>\n<\/tr>\n<tr>\n<td>Preparazione di latte macchiato<\/td>\n<td>No<\/td>\n<\/tr>\n<tr>\n<td>Preparazione di moca<\/td>\n<td>No<\/td>\n<\/tr>\n<tr>\n<td>Preparazione di caff\u00e8 lungo<\/td>\n<td>Si<\/td>\n<\/tr>\n<tr>\n<td>Preparazione di crema di caff\u00e8<\/td>\n<td>No<\/td>\n<\/tr>\n<tr>\n<td>Preparazione di latte caldo<\/td>\n<td>No<\/td>\n<\/tr>\n<tr>\n<td>Preparazione di t\u00e8<\/td>\n<td>No<\/td>\n<\/tr>\n<tr>\n<td>Preparazione di cioccolata calda<\/td>\n<td>No<\/td>\n<\/tr>\n<tr>\n<td>Preparazione di latte al cioccolato<\/td>\n<td>No<\/td>\n<\/tr>\n<tr>\n<td>Preparazione di orzo<\/td>\n<td>No<\/td>\n<\/tr>\n<tr>\n<td>Tipologia caffettiera<\/td>\n<td>Automatica<\/td>\n<\/tr>\n<tr>\n<td>Macinatore integrato<\/td>\n<td>Si<\/td>\n<\/tr>\n<tr>\n<td>Capacit\u00e0 caff\u00e8 in grani<\/td>\n<td>300 g<\/td>\n<\/tr>\n<tr>\n<td>Filtro per l&#8217;acqua<\/td>\n<td>Si<\/td>\n<\/tr>\n<\/tbody>\n<\/table>\n<h2>Dimensioni e peso<\/h2>\n<table>\n<tbody>\n<tr>\n<th>Caratteristica<\/th>\n<th>Valore<\/th>\n<\/tr>\n<tr>\n<td>Larghezza<\/td>\n<td>236 mm<\/td>\n<\/tr>\n<tr>\n<td>Profondit\u00e0<\/td>\n<td>429 mm<\/td>\n<\/tr>\n<tr>\n<td>Altezza<\/td>\n<td>348 mm<\/td>\n<\/tr>\n<tr>\n<td>Peso<\/td>\n<td>9,5 kg<\/td>\n<\/tr>\n<\/tbody>\n<\/table>\n<h2>Ergonomia<\/h2>\n<table>\n<tbody>\n<tr>\n<th>Caratteristica<\/th>\n<th>Valore<\/th>\n<\/tr>\n<tr>\n<td>Vassoio anti-goccia rimovibile<\/td>\n<td>Si<\/td>\n<\/tr>\n<tr>\n<td>Gruppo infusore estraibile<\/td>\n<td>Si<\/td>\n<\/tr>\n<\/tbody>\n<\/table>\n<h2>Design<\/h2>\n<table>\n<tbody>\n<tr>\n<th>Caratteristica<\/th>\n<th>Valore<\/th>\n<\/tr>\n<tr>\n<td>Installazione<\/td>\n<td>Libera installazione<\/td>\n<\/tr>\n<tr>\n<td>Tipo di prodotto<\/td>\n<td>Macchina per espresso<\/td>\n<\/tr>\n<tr>\n<td>Colore del prodotto<\/td>\n<td>Nero, Argento<\/td>\n<\/tr>\n<tr>\n<td>Display incorporato<\/td>\n<td>Si<\/td>\n<\/tr>\n<tr>\n<td>Vaschetta per caff\u00e8 preparato<\/td>\n<td>Tazza<\/td>\n<\/tr>\n<tr>\n<td>Numero di erogatori<\/td>\n<td>2<\/td>\n<\/tr>\n<tr>\n<td>Tipo di controllo<\/td>\n<td>Touch<\/td>\n<\/tr>\n<tr>\n<td>Tubo per vapore<\/td>\n<td>Si<\/td>\n<\/tr>\n<tr>\n<td>Tipo di display<\/td>\n<td>LCD<\/td>\n<\/tr>\n<\/tbody>\n<\/table>\n<h2>Gestione energetica<\/h2>\n<table>\n<tbody>\n<tr>\n<th>Caratteristica<\/th>\n<th>Valore<\/th>\n<\/tr>\n<tr>\n<td>Carico di collegamento<\/td>\n<td>1450 W<\/td>\n<\/tr>\n<tr>\n<td>Tensione di ingresso AC<\/td>\n<td>230 V<\/td>\n<\/tr>\n<tr>\n<td>Frequenza di ingresso AC<\/td>\n<td>50 Hz<\/td>\n<\/tr>\n<\/tbody>\n<\/table>","protected":false},"excerpt":{"rendered":"<p>DeLonghi DINAMICA ECAM 350.35.SB<br \/>\nInstallazione: Libera installazione<br \/>\nTipo di prodotto: Macchina per espresso<br \/>\nColore del prodotto: Nero, Argento<br \/>\nTipologia di caff\u00e8 utilizzato: Chicchi di caff\u00e8, Caff\u00e8 macinato<br \/>\nTipologia caffettiera: Automatica<br \/>\nCapacit\u00e0 caff\u00e8 in grani: 300 g<br \/>\nCarico di collegamento: 1450 W<br \/>\nTensione di ingresso AC: 230 V<br \/>\nFrequenza di ingresso AC: 50 Hz<br \/>\nLarghezza: 236 mm<br \/>\nProfondit\u00e0: 429 mm<br \/>\nAltezza: 348 mm<\/p>","protected":false},"featured_media":6673,"comment_status":"open","ping_status":"closed","template":"","meta":{"ocean_post_layout":"","ocean_both_sidebars_style":"","ocean_both_sidebars_content_width":0,"ocean_both_sidebars_sidebars_width":0,"ocean_sidebar":"0","ocean_second_sidebar":"0","ocean_disable_margins":"enable","ocean_add_body_class":"","ocean_shortcode_before_top_bar":"","ocean_shortcode_after_top_bar":"","ocean_shortcode_before_header":"","ocean_shortcode_after_header":"","ocean_has_shortcode":"","ocean_shortcode_after_title":"","ocean_shortcode_before_footer_widgets":"","ocean_shortcode_after_footer_widgets":"","ocean_shortcode_before_footer_bottom":"","ocean_shortcode_after_footer_bottom":"","ocean_display_top_bar":"default","ocean_display_header":"default","ocean_header_style":"","ocean_center_header_left_menu":"0","ocean_custom_header_template":"0","ocean_custom_logo":0,"ocean_custom_retina_logo":0,"ocean_custom_logo_max_width":0,"ocean_custom_logo_tablet_max_width":0,"ocean_custom_logo_mobile_max_width":0,"ocean_custom_logo_max_height":0,"ocean_custom_logo_tablet_max_height":0,"ocean_custom_logo_mobile_max_height":0,"ocean_header_custom_menu":"0","ocean_menu_typo_font_family":"0","ocean_menu_typo_font_subset":"","ocean_menu_typo_font_size":0,"ocean_menu_typo_font_size_tablet":0,"ocean_menu_typo_font_size_mobile":0,"ocean_menu_typo_font_size_unit":"px","ocean_menu_typo_font_weight":"","ocean_menu_typo_font_weight_tablet":"","ocean_menu_typo_font_weight_mobile":"","ocean_menu_typo_transform":"","ocean_menu_typo_transform_tablet":"","ocean_menu_typo_transform_mobile":"","ocean_menu_typo_line_height":0,"ocean_menu_typo_line_height_tablet":0,"ocean_menu_typo_line_height_mobile":0,"ocean_menu_typo_line_height_unit":"","ocean_menu_typo_spacing":0,"ocean_menu_typo_spacing_tablet":0,"ocean_menu_typo_spacing_mobile":0,"ocean_menu_typo_spacing_unit":"","ocean_menu_link_color":"","ocean_menu_link_color_hover":"","ocean_menu_link_color_active":"","ocean_menu_link_background":"","ocean_menu_link_hover_background":"","ocean_menu_link_active_background":"","ocean_menu_social_links_bg":"","ocean_menu_social_hover_links_bg":"","ocean_menu_social_links_color":"","ocean_menu_social_hover_links_color":"","ocean_disable_title":"default","ocean_disable_heading":"default","ocean_post_title":"","ocean_post_subheading":"","ocean_post_title_style":"","ocean_post_title_background_color":"","ocean_post_title_background":0,"ocean_post_title_bg_image_position":"","ocean_post_title_bg_image_attachment":"","ocean_post_title_bg_image_repeat":"","ocean_post_title_bg_image_size":"","ocean_post_title_height":0,"ocean_post_title_bg_overlay":0.5,"ocean_post_title_bg_overlay_color":"","ocean_disable_breadcrumbs":"default","ocean_breadcrumbs_color":"","ocean_breadcrumbs_separator_color":"","ocean_breadcrumbs_links_color":"","ocean_breadcrumbs_links_hover_color":"","ocean_display_footer_widgets":"default","ocean_display_footer_bottom":"default","ocean_custom_footer_template":"0"},"product_brand":[],"product_cat":[77],"product_tag":[],"class_list":{"0":"post-6672","1":"product","2":"type-product","3":"status-publish","4":"has-post-thumbnail","6":"product_cat-macchina-da-caffe","8":"entry","9":"has-media","11":"first","12":"instock","13":"sale","14":"shipping-taxable","15":"purchasable","16":"product-type-simple","17":"has-product-nav","18":"col","19":"span_1_of_3","20":"owp-content-center","21":"owp-thumbs-layout-horizontal","22":"owp-btn-normal","23":"owp-tabs-layout-horizontal"},"_links":{"self":[{"href":"https:\/\/free-eshop.com\/fr\/wp-json\/wp\/v2\/product\/6672","targetHints":{"allow":["GET"]}}],"collection":[{"href":"https:\/\/free-eshop.com\/fr\/wp-json\/wp\/v2\/product"}],"about":[{"href":"https:\/\/free-eshop.com\/fr\/wp-json\/wp\/v2\/types\/product"}],"replies":[{"embeddable":true,"href":"https:\/\/free-eshop.com\/fr\/wp-json\/wp\/v2\/comments?post=6672"}],"version-history":[{"count":1,"href":"https:\/\/free-eshop.com\/fr\/wp-json\/wp\/v2\/product\/6672\/revisions"}],"predecessor-version":[{"id":6676,"href":"https:\/\/free-eshop.com\/fr\/wp-json\/wp\/v2\/product\/6672\/revisions\/6676"}],"wp:featuredmedia":[{"embeddable":true,"href":"https:\/\/free-eshop.com\/fr\/wp-json\/wp\/v2\/media\/6673"}],"wp:attachment":[{"href":"https:\/\/free-eshop.com\/fr\/wp-json\/wp\/v2\/media?parent=6672"}],"wp:term":[{"taxonomy":"product_brand","embeddable":true,"href":"https:\/\/free-eshop.com\/fr\/wp-json\/wp\/v2\/product_brand?post=6672"},{"taxonomy":"product_cat","embeddable":true,"href":"https:\/\/free-eshop.com\/fr\/wp-json\/wp\/v2\/product_cat?post=6672"},{"taxonomy":"product_tag","embeddable":true,"href":"https:\/\/free-eshop.com\/fr\/wp-json\/wp\/v2\/product_tag?post=6672"}],"curies":[{"name":"wp","href":"https:\/\/api.w.org\/{rel}","templated":true}]}}