{"id":6692,"date":"2025-12-13T13:31:21","date_gmt":"2025-12-13T13:31:21","guid":{"rendered":"https:\/\/free-eshop.com\/?post_type=product&#038;p=6692"},"modified":"2025-12-13T13:31:22","modified_gmt":"2025-12-13T13:31:22","slug":"deumidificatore-de-longhi-dex210sf-250w-40db-26m2-2-1l-bianco-grigio-0148510204","status":"publish","type":"product","link":"https:\/\/free-eshop.com\/fr\/produit\/deumidificatore-de-longhi-dex210sf-250w-40db-26m2-2-1l-bianco-grigio-0148510204\/","title":{"rendered":"Deumidificatore De Longhi DEX210SF 250W 40dB 26m2 2.1l Bianco grigio [0148510204]"},"content":{"rendered":"<h2 id=\"divLongDescription\" class=\"titleProd\">Descrizione<\/h2>\n<div class=\"w-100\">\n<p>Deumidificatore De Longhi DEX210SF<br \/>\nSuperficie coperta 26 mq<br \/>\nNumero di velocit\u00e0 1<br \/>\nUmidit\u00e0 soppressa 10L\/24h<br \/>\nLivello sonoro 40 dB Potenza 250W<br \/>\nPortata d&#8217;aria 125 m\u00b3\/h<br \/>\nTemperatura di funzionamento min-max da 2 a 30 gradi C<br \/>\nSpegnimento automatico S\u00ec<br \/>\nIndicatore serbatoio pieno S\u00ec<br \/>\nCapacit\u00e0 serbatoio 2,1 L<br \/>\nTemporizzatore S\u00ec<br \/>\nRilevamento automatico dell&#8217;umidit\u00e0<br \/>\nDrenaggio permanente S\u00ec<br \/>\nParticolarit\u00e0 Dispositivo realizzato con il 30% di plastica riciclata \/ Silenzioso \/ Sistema di evacuazione continua \/ 100% gas naturale<br \/>\nSerbatoio estraibile S\u00ec<br \/>\nColore Bianco Grigio<br \/>\nFunzione<br \/>\nFunzione antigelo S\u00ec<br \/>\nAttrezzatura<br \/>\nManiglia per il trasporto S\u00ec<br \/>\nFiltro Filtro antipolvere \/ Filtro a carbone attivo \/ Filtro antiallergico<br \/>\nTipo di gas R290<br \/>\nLivello dell&#8217;acqua visibile S\u00ec<br \/>\nIndicatore serbatoio pieno S\u00ec<br \/>\nDoppio sistema di evacuazione S\u00ec<br \/>\nColloquio<br \/>\nPresenza di un filtro S\u00ec<br \/>\nFiltro lavabile S\u00ec<br \/>\nDimensioni<br \/>\nDimensioni l x a x p 22 x 50,8 x 33,4 cm<br \/>\nPeso netto 10,3 kg<br \/>\nPeso lordo 11,7 kg<br \/>\nMarca DE LONGHI<\/p>\n<\/div>","protected":false},"excerpt":{"rendered":"<p>Descrizione Deumidificatore De Longhi DEX210SF Superficie coperta 26 mq Numero di velocit\u00e0 1 Umidit\u00e0 soppressa 10L\/24h Livello sonoro 40 dB Potenza 250W Portata d&#8217;aria 125 m\u00b3\/h Temperatura di funzionamento min-max da 2 a 30 gradi C Spegnimento automatico S\u00ec Indicatore serbatoio pieno S\u00ec Capacit\u00e0 serbatoio 2,1 L Temporizzatore S\u00ec Rilevamento automatico dell&#8217;umidit\u00e0 Drenaggio permanente S\u00ec [&hellip;]<\/p>","protected":false},"featured_media":6693,"comment_status":"open","ping_status":"closed","template":"","meta":{"ocean_post_layout":"","ocean_both_sidebars_style":"","ocean_both_sidebars_content_width":0,"ocean_both_sidebars_sidebars_width":0,"ocean_sidebar":"0","ocean_second_sidebar":"0","ocean_disable_margins":"enable","ocean_add_body_class":"","ocean_shortcode_before_top_bar":"","ocean_shortcode_after_top_bar":"","ocean_shortcode_before_header":"","ocean_shortcode_after_header":"","ocean_has_shortcode":"","ocean_shortcode_after_title":"","ocean_shortcode_before_footer_widgets":"","ocean_shortcode_after_footer_widgets":"","ocean_shortcode_before_footer_bottom":"","ocean_shortcode_after_footer_bottom":"","ocean_display_top_bar":"default","ocean_display_header":"default","ocean_header_style":"","ocean_center_header_left_menu":"0","ocean_custom_header_template":"0","ocean_custom_logo":0,"ocean_custom_retina_logo":0,"ocean_custom_logo_max_width":0,"ocean_custom_logo_tablet_max_width":0,"ocean_custom_logo_mobile_max_width":0,"ocean_custom_logo_max_height":0,"ocean_custom_logo_tablet_max_height":0,"ocean_custom_logo_mobile_max_height":0,"ocean_header_custom_menu":"0","ocean_menu_typo_font_family":"0","ocean_menu_typo_font_subset":"","ocean_menu_typo_font_size":0,"ocean_menu_typo_font_size_tablet":0,"ocean_menu_typo_font_size_mobile":0,"ocean_menu_typo_font_size_unit":"px","ocean_menu_typo_font_weight":"","ocean_menu_typo_font_weight_tablet":"","ocean_menu_typo_font_weight_mobile":"","ocean_menu_typo_transform":"","ocean_menu_typo_transform_tablet":"","ocean_menu_typo_transform_mobile":"","ocean_menu_typo_line_height":0,"ocean_menu_typo_line_height_tablet":0,"ocean_menu_typo_line_height_mobile":0,"ocean_menu_typo_line_height_unit":"","ocean_menu_typo_spacing":0,"ocean_menu_typo_spacing_tablet":0,"ocean_menu_typo_spacing_mobile":0,"ocean_menu_typo_spacing_unit":"","ocean_menu_link_color":"","ocean_menu_link_color_hover":"","ocean_menu_link_color_active":"","ocean_menu_link_background":"","ocean_menu_link_hover_background":"","ocean_menu_link_active_background":"","ocean_menu_social_links_bg":"","ocean_menu_social_hover_links_bg":"","ocean_menu_social_links_color":"","ocean_menu_social_hover_links_color":"","ocean_disable_title":"default","ocean_disable_heading":"default","ocean_post_title":"","ocean_post_subheading":"","ocean_post_title_style":"","ocean_post_title_background_color":"","ocean_post_title_background":0,"ocean_post_title_bg_image_position":"","ocean_post_title_bg_image_attachment":"","ocean_post_title_bg_image_repeat":"","ocean_post_title_bg_image_size":"","ocean_post_title_height":0,"ocean_post_title_bg_overlay":0.5,"ocean_post_title_bg_overlay_color":"","ocean_disable_breadcrumbs":"default","ocean_breadcrumbs_color":"","ocean_breadcrumbs_separator_color":"","ocean_breadcrumbs_links_color":"","ocean_breadcrumbs_links_hover_color":"","ocean_display_footer_widgets":"default","ocean_display_footer_bottom":"default","ocean_custom_footer_template":"0"},"product_brand":[],"product_cat":[70],"product_tag":[],"class_list":{"0":"post-6692","1":"product","2":"type-product","3":"status-publish","4":"has-post-thumbnail","6":"product_cat-clima","8":"entry","9":"has-media","11":"first","12":"instock","13":"sale","14":"shipping-taxable","15":"purchasable","16":"product-type-simple","17":"has-product-nav","18":"col","19":"span_1_of_3","20":"owp-content-center","21":"owp-thumbs-layout-horizontal","22":"owp-btn-normal","23":"owp-tabs-layout-horizontal"},"_links":{"self":[{"href":"https:\/\/free-eshop.com\/fr\/wp-json\/wp\/v2\/product\/6692","targetHints":{"allow":["GET"]}}],"collection":[{"href":"https:\/\/free-eshop.com\/fr\/wp-json\/wp\/v2\/product"}],"about":[{"href":"https:\/\/free-eshop.com\/fr\/wp-json\/wp\/v2\/types\/product"}],"replies":[{"embeddable":true,"href":"https:\/\/free-eshop.com\/fr\/wp-json\/wp\/v2\/comments?post=6692"}],"version-history":[{"count":1,"href":"https:\/\/free-eshop.com\/fr\/wp-json\/wp\/v2\/product\/6692\/revisions"}],"predecessor-version":[{"id":6699,"href":"https:\/\/free-eshop.com\/fr\/wp-json\/wp\/v2\/product\/6692\/revisions\/6699"}],"wp:featuredmedia":[{"embeddable":true,"href":"https:\/\/free-eshop.com\/fr\/wp-json\/wp\/v2\/media\/6693"}],"wp:attachment":[{"href":"https:\/\/free-eshop.com\/fr\/wp-json\/wp\/v2\/media?parent=6692"}],"wp:term":[{"taxonomy":"product_brand","embeddable":true,"href":"https:\/\/free-eshop.com\/fr\/wp-json\/wp\/v2\/product_brand?post=6692"},{"taxonomy":"product_cat","embeddable":true,"href":"https:\/\/free-eshop.com\/fr\/wp-json\/wp\/v2\/product_cat?post=6692"},{"taxonomy":"product_tag","embeddable":true,"href":"https:\/\/free-eshop.com\/fr\/wp-json\/wp\/v2\/product_tag?post=6692"}],"curies":[{"name":"wp","href":"https:\/\/api.w.org\/{rel}","templated":true}]}}