{"id":6740,"date":"2025-12-20T01:01:46","date_gmt":"2025-12-20T01:01:46","guid":{"rendered":"https:\/\/free-eshop.com\/?post_type=product&#038;p=6740"},"modified":"2025-12-20T01:24:38","modified_gmt":"2025-12-20T01:24:38","slug":"dji-mini-4-pro-dji-rc-2","status":"publish","type":"product","link":"https:\/\/free-eshop.com\/fr\/produit\/dji-mini-4-pro-dji-rc-2\/","title":{"rendered":"DJI Mini 4 Pro (DJI RC 2)"},"content":{"rendered":"<div id=\"text-631624020\" class=\"text\">\n<h3 class=\"uppercase\" role=\"presentation\" aria-hidden=\"true\" data-uw-rm-heading=\"hide\"><strong data-uw-rm-color-contrast=\"afix\" data-data-uw-rm-color-contrast-styled=\"true\">Pensa in grande con Mini<\/strong><\/h3>\n<p data-uw-rm-color-contrast=\"afix\" data-data-uw-rm-color-contrast-styled=\"true\">DJI Mini 4 Pro \u00e8 il nostro mini drone con fotocamera pi\u00f9 avanzato mai realizzato. Integra immagini superbe, rilevamento degli ostacoli omnidirezionale, ActiveTrack a 360\u00b0 insieme alla nuova modalit\u00e0 Traccia e trasmissione video FHD fino a 20 km<\/p>\n<\/div>\n<div id=\"gap-1162553389\" class=\"gap-element clearfix\"><\/div>\n<div id=\"banner-1720638358\" class=\"banner has-hover\" data-data-uw-rm-color-contrast-styled=\"true\" data-uw-rm-color-contrast=\"afix\">\n<div class=\"banner-inner fill\">\n<div class=\"banner-bg fill\">\n<p><img fetchpriority=\"high\" decoding=\"async\" class=\"bg attachment-original size-original\" src=\"https:\/\/www.dji-store.it\/wp-content\/uploads\/2023\/09\/7.jpg\" alt=\"dji mini 4 pro\" width=\"900\" height=\"600\" data-uw-rm-alt-original=\"dji mini 4 pro\" data-uw-rm-alt=\"ALT\" \/><\/p>\n<div class=\"overlay\"><\/div>\n<\/div>\n<div class=\"banner-layers container\">\n<div class=\"fill banner-link\"><\/div>\n<div id=\"text-box-1596599664\" class=\"text-box banner-layer x50 md-x50 lg-x50 y5 md-y5 lg-y5 res-text\">\n<div class=\"text-box-content text dark\">\n<div class=\"text-inner text-center\">\n<div id=\"text-3955092945\" class=\"text\">\n<h3 class=\"uppercase\" role=\"presentation\" aria-hidden=\"true\" data-uw-rm-heading=\"hide\"><strong data-uw-rm-color-contrast=\"afix\" data-data-uw-rm-color-contrast-styled=\"true\">Rilassati<\/strong><\/h3>\n<p data-uw-rm-color-contrast=\"afix\" data-data-uw-rm-color-contrast-styled=\"true\">Decolla ogni volta che l\u2019ispirazione colpisce. Grazie a un peso inferiore a 249 g, Mini 4 Pro \u00e8 stato progettato per garantire la massima praticit\u00e0. Il peso ridotto elimina la necessit\u00e0 di formazione o registrazione nella maggior parte dei Paesi e delle aree geografiche.<\/p>\n<\/div>\n<\/div>\n<\/div>\n<\/div>\n<\/div>\n<\/div>\n<\/div>\n<div id=\"row-537873357\" class=\"row\">\n<div id=\"col-1899262183\" class=\"col medium-5 small-12 large-5\">\n<div class=\"col-inner\">\n<div id=\"banner-373799162\" class=\"banner has-hover\" data-data-uw-rm-color-contrast-styled=\"true\" data-uw-rm-color-contrast=\"afix\">\n<div class=\"banner-inner fill\">\n<div class=\"banner-bg fill\">\n<p><img decoding=\"async\" class=\"bg attachment-original size-original\" src=\"https:\/\/www.dji-store.it\/wp-content\/uploads\/2023\/09\/10.jpg\" alt=\"Rilassati\" width=\"600\" height=\"800\" data-uw-rm-alt-original=\"\" data-uw-rm-alt=\"CT\" \/><\/p>\n<div class=\"overlay\"><\/div>\n<\/div>\n<div class=\"banner-layers container\">\n<div class=\"fill banner-link\"><\/div>\n<div id=\"text-box-457186708\" class=\"text-box banner-layer x50 md-x50 lg-x50 y5 md-y5 lg-y5 res-text\">\n<div class=\"text-box-content text dark\">\n<div class=\"text-inner text-center\">\n<div id=\"text-3989349791\" class=\"text\">\n<h3 class=\"uppercase\" role=\"presentation\" aria-hidden=\"true\" data-uw-rm-heading=\"hide\"><strong data-uw-rm-color-contrast=\"afix\" data-data-uw-rm-color-contrast-styled=\"true\">Immagini fuori misura<\/strong><\/h3>\n<p data-uw-rm-color-contrast=\"afix\" data-data-uw-rm-color-contrast-styled=\"true\">Cattura i dettagli pi\u00f9 complessi con la fotocamera di Mini 4 Pro, alimentata da un sensore con CMOS da 1\/1.3 pollici, doppia ISO nativa, apertura f\/1.7 e pixel 4 in 1 da 2,4 \u03bcm<\/p>\n<\/div>\n<\/div>\n<\/div>\n<\/div>\n<\/div>\n<\/div>\n<\/div>\n<\/div>\n<\/div>\n<div id=\"col-1134643760\" class=\"col medium-7 small-12 large-7\">\n<div class=\"col-inner\">\n<div id=\"banner-30521032\" class=\"banner has-hover\" data-data-uw-rm-color-contrast-styled=\"true\" data-uw-rm-color-contrast=\"afix\">\n<div class=\"banner-inner fill\">\n<div class=\"banner-bg fill\">\n<p><img decoding=\"async\" class=\"bg attachment-original size-original\" src=\"https:\/\/www.dji-store.it\/wp-content\/uploads\/2023\/09\/11.jpg\" alt=\"dji mini 4 pro\" width=\"900\" height=\"600\" data-uw-rm-alt-original=\"dji mini 4 pro\" data-uw-rm-alt=\"ALT\" \/><\/p>\n<div class=\"overlay\"><\/div>\n<\/div>\n<div class=\"banner-layers container\">\n<div class=\"fill banner-link\"><\/div>\n<div id=\"text-box-545425195\" class=\"text-box banner-layer x50 md-x50 lg-x50 y5 md-y5 lg-y5 res-text\">\n<div class=\"text-box-content text dark\">\n<div class=\"text-inner text-center\">\n<div id=\"text-3904459647\" class=\"text\">\n<h3 class=\"uppercase\" role=\"presentation\" aria-hidden=\"true\" data-uw-rm-heading=\"hide\"><strong data-uw-rm-color-contrast=\"afix\" data-data-uw-rm-color-contrast-styled=\"true\">Funzionalit\u00e0 intuitive<\/strong><\/h3>\n<p data-uw-rm-color-contrast=\"afix\" data-data-uw-rm-color-contrast-styled=\"true\">Il rilevamento omnidirezionale degli ostacoli rende Mini 4 Pro estremamente sicuro. Grazie a 4 sensori di visione grandangolari e una coppia di sensori di visione verso il basso, pu\u00f2 rilevare gli ostacoli da tutti gli angoli.<\/p>\n<\/div>\n<\/div>\n<\/div>\n<\/div>\n<\/div>\n<\/div>\n<\/div>\n<\/div>\n<\/div>\n<\/div>\n<div id=\"row-1184596839\" class=\"row\">\n<div id=\"col-263148359\" class=\"col medium-7 small-12 large-7\">\n<div class=\"col-inner\">\n<div id=\"banner-152863287\" class=\"banner has-hover\" data-data-uw-rm-color-contrast-styled=\"true\" data-uw-rm-color-contrast=\"afix\">\n<div class=\"banner-inner fill\">\n<div class=\"banner-bg fill\"><img loading=\"lazy\" decoding=\"async\" class=\"bg attachment-original size-original\" src=\"https:\/\/www.dji-store.it\/wp-content\/uploads\/2023\/09\/funzioni.jpg\" alt=\"Funzionalit\u00e0 intuitive\" width=\"900\" height=\"678\" data-uw-rm-alt-original=\"\" data-uw-rm-alt=\"CT\" \/><\/div>\n<div class=\"banner-layers container\">\n<div class=\"fill banner-link\"><\/div>\n<div id=\"text-box-350898812\" class=\"text-box banner-layer x50 md-x50 lg-x50 y5 md-y5 lg-y5 res-text\">\n<div class=\"text-box-content text dark\">\n<div class=\"text-inner text-center\">\n<div id=\"text-3619147585\" class=\"text\">\n<h3 class=\"uppercase\" role=\"presentation\" aria-hidden=\"true\" data-uw-rm-heading=\"hide\"><strong data-uw-rm-color-contrast=\"afix\" data-data-uw-rm-color-contrast-styled=\"true\">Semplicemente magistrale<\/strong><\/h3>\n<p data-uw-rm-color-contrast=\"afix\" data-data-uw-rm-color-contrast-styled=\"true\">Mini 4 Pro offre 3 semplici modi per ottenere gli scatti che desideri: Spotlight, Punto di interesse e il nuovissimo e rivoluzionario ActiveTrack a 360\u00b0 con funzionalit\u00e0 avanzate di tracciamento del soggetto.<\/p>\n<\/div>\n<\/div>\n<\/div>\n<\/div>\n<\/div>\n<\/div>\n<\/div>\n<\/div>\n<\/div>\n<div id=\"col-1740625686\" class=\"col medium-5 small-12 large-5\">\n<div class=\"col-inner\">\n<div id=\"banner-477467887\" class=\"banner has-hover\" data-data-uw-rm-color-contrast-styled=\"true\" data-uw-rm-color-contrast=\"afix\">\n<div class=\"banner-inner fill\">\n<div class=\"banner-bg fill\">\n<p><img loading=\"lazy\" decoding=\"async\" class=\"bg attachment-original size-original\" src=\"https:\/\/www.dji-store.it\/wp-content\/uploads\/2023\/09\/scatti.jpg\" alt=\"scatti\" width=\"900\" height=\"670\" data-uw-rm-alt-original=\"scatti\" data-uw-rm-alt=\"ALT\" \/><\/p>\n<div class=\"overlay\"><\/div>\n<\/div>\n<div class=\"banner-layers container\">\n<div class=\"fill banner-link\"><\/div>\n<div id=\"text-box-729934390\" class=\"text-box banner-layer x50 md-x50 lg-x50 y0 md-y5 lg-y5 res-text\">\n<div class=\"text-box-content text dark\">\n<div class=\"text-inner text-center\">\n<div id=\"text-539986593\" class=\"text\">\n<h3 class=\"uppercase\" role=\"presentation\" aria-hidden=\"true\" data-uw-rm-heading=\"hide\"><strong data-uw-rm-color-contrast=\"afix\" data-data-uw-rm-color-contrast-styled=\"true\">APP LIGHTCUT<\/strong><\/h3>\n<p data-uw-rm-color-contrast=\"afix\" data-data-uw-rm-color-contrast-styled=\"true\">LightCut supporta la connessione wireless e il riconoscimento intelligente delle composizioni e delle rotte di volo, per poterle modificare rapidamente e generare video accattivanti con un solo tocco<\/p>\n<\/div>\n<\/div>\n<\/div>\n<\/div>\n<\/div>\n<\/div>\n<\/div>\n<\/div>\n<\/div>\n<\/div>\n<div id=\"row-433372936\" class=\"row\">\n<div id=\"col-1426718386\" class=\"col medium-5 small-12 large-5\">\n<div class=\"col-inner\">\n<div id=\"banner-1406636304\" class=\"banner has-hover\" data-data-uw-rm-color-contrast-styled=\"true\" data-uw-rm-color-contrast=\"afix\">\n<div class=\"banner-inner fill\">\n<div class=\"banner-bg fill\"><img loading=\"lazy\" decoding=\"async\" class=\"bg attachment-original size-original\" src=\"https:\/\/www.dji-store.it\/wp-content\/uploads\/2023\/09\/app-dji.jpg\" alt=\"app-dji\" width=\"600\" height=\"724\" data-uw-rm-alt-original=\"app-dji\" data-uw-rm-alt=\"ALT\" \/><\/div>\n<div class=\"banner-layers container\">\n<div class=\"fill banner-link\"><\/div>\n<div id=\"text-box-100537317\" class=\"text-box banner-layer x50 md-x50 lg-x50 y5 md-y5 lg-y5 res-text\">\n<div class=\"text-box-content text dark\">\n<div class=\"text-inner text-center\">\n<div id=\"text-2637369304\" class=\"text\">\n<h3 class=\"uppercase\" role=\"presentation\" aria-hidden=\"true\" data-uw-rm-heading=\"hide\"><strong data-uw-rm-color-contrast=\"afix\" data-data-uw-rm-color-contrast-styled=\"true\">DJI RC 2<\/strong><\/h3>\n<p data-uw-rm-color-contrast=\"afix\" data-data-uw-rm-color-contrast-styled=\"true\">Questo radiocomando leggero e intuitivo \u00e8 dotato dell\u2019app DJI Fly integrata, che elimina la necessit\u00e0 di utilizzare lo smartphone durante il volo. Lo schermo ad alta definizione offre una visione nitida e chiara anche sotto la luce solare diretta, ottimizzando nettamente l\u2019utilizzo di Mini 4 Pro.<\/p>\n<\/div>\n<\/div>\n<\/div>\n<\/div>\n<\/div>\n<\/div>\n<\/div>\n<\/div>\n<\/div>\n<div id=\"col-1956252813\" class=\"col medium-7 small-12 large-7\">\n<div class=\"col-inner\">\n<div id=\"banner-2075021963\" class=\"banner has-hover\" data-data-uw-rm-color-contrast-styled=\"true\" data-uw-rm-color-contrast=\"afix\">\n<div class=\"banner-inner fill\">\n<div class=\"banner-bg fill\">\n<p><img loading=\"lazy\" decoding=\"async\" class=\"bg attachment-original size-original\" src=\"https:\/\/www.dji-store.it\/wp-content\/uploads\/2023\/09\/4.jpg\" alt=\"DJI RC 2\" width=\"900\" height=\"600\" data-uw-rm-alt-original=\"\" data-uw-rm-alt=\"CT\" \/><\/p>\n<div class=\"overlay\"><\/div>\n<\/div>\n<div class=\"banner-layers container\"><\/div>\n<\/div>\n<\/div>\n<\/div>\n<\/div>\n<\/div>","protected":false},"excerpt":{"rendered":"<p>Meno di 249 g<br \/>\nRiprese verticali native in 4K\/60fps HDR<br \/>\nRilevamento degli ostacoli omnidirezionale<br \/>\nDurata della batteria estesa<br \/>\nTrasmissione video in\u00a0FHD\u00a0fino a 20 km<br \/>\nActiveTrack a 360\u00b0<\/p>","protected":false},"featured_media":6741,"comment_status":"open","ping_status":"closed","template":"","meta":{"ocean_post_layout":"","ocean_both_sidebars_style":"","ocean_both_sidebars_content_width":0,"ocean_both_sidebars_sidebars_width":0,"ocean_sidebar":"0","ocean_second_sidebar":"0","ocean_disable_margins":"enable","ocean_add_body_class":"","ocean_shortcode_before_top_bar":"","ocean_shortcode_after_top_bar":"","ocean_shortcode_before_header":"","ocean_shortcode_after_header":"","ocean_has_shortcode":"","ocean_shortcode_after_title":"","ocean_shortcode_before_footer_widgets":"","ocean_shortcode_after_footer_widgets":"","ocean_shortcode_before_footer_bottom":"","ocean_shortcode_after_footer_bottom":"","ocean_display_top_bar":"default","ocean_display_header":"default","ocean_header_style":"","ocean_center_header_left_menu":"0","ocean_custom_header_template":"0","ocean_custom_logo":0,"ocean_custom_retina_logo":0,"ocean_custom_logo_max_width":0,"ocean_custom_logo_tablet_max_width":0,"ocean_custom_logo_mobile_max_width":0,"ocean_custom_logo_max_height":0,"ocean_custom_logo_tablet_max_height":0,"ocean_custom_logo_mobile_max_height":0,"ocean_header_custom_menu":"0","ocean_menu_typo_font_family":"0","ocean_menu_typo_font_subset":"","ocean_menu_typo_font_size":0,"ocean_menu_typo_font_size_tablet":0,"ocean_menu_typo_font_size_mobile":0,"ocean_menu_typo_font_size_unit":"px","ocean_menu_typo_font_weight":"","ocean_menu_typo_font_weight_tablet":"","ocean_menu_typo_font_weight_mobile":"","ocean_menu_typo_transform":"","ocean_menu_typo_transform_tablet":"","ocean_menu_typo_transform_mobile":"","ocean_menu_typo_line_height":0,"ocean_menu_typo_line_height_tablet":0,"ocean_menu_typo_line_height_mobile":0,"ocean_menu_typo_line_height_unit":"","ocean_menu_typo_spacing":0,"ocean_menu_typo_spacing_tablet":0,"ocean_menu_typo_spacing_mobile":0,"ocean_menu_typo_spacing_unit":"","ocean_menu_link_color":"","ocean_menu_link_color_hover":"","ocean_menu_link_color_active":"","ocean_menu_link_background":"","ocean_menu_link_hover_background":"","ocean_menu_link_active_background":"","ocean_menu_social_links_bg":"","ocean_menu_social_hover_links_bg":"","ocean_menu_social_links_color":"","ocean_menu_social_hover_links_color":"","ocean_disable_title":"default","ocean_disable_heading":"default","ocean_post_title":"","ocean_post_subheading":"","ocean_post_title_style":"","ocean_post_title_background_color":"","ocean_post_title_background":0,"ocean_post_title_bg_image_position":"","ocean_post_title_bg_image_attachment":"","ocean_post_title_bg_image_repeat":"","ocean_post_title_bg_image_size":"","ocean_post_title_height":0,"ocean_post_title_bg_overlay":0.5,"ocean_post_title_bg_overlay_color":"","ocean_disable_breadcrumbs":"default","ocean_breadcrumbs_color":"","ocean_breadcrumbs_separator_color":"","ocean_breadcrumbs_links_color":"","ocean_breadcrumbs_links_hover_color":"","ocean_display_footer_widgets":"default","ocean_display_footer_bottom":"default","ocean_custom_footer_template":"0"},"product_brand":[],"product_cat":[65],"product_tag":[],"class_list":{"0":"post-6740","1":"product","2":"type-product","3":"status-publish","4":"has-post-thumbnail","6":"product_cat-droni","8":"entry","9":"has-media","11":"first","12":"instock","13":"sale","14":"shipping-taxable","15":"purchasable","16":"product-type-simple","17":"has-product-nav","18":"col","19":"span_1_of_3","20":"owp-content-center","21":"owp-thumbs-layout-horizontal","22":"owp-btn-normal","23":"owp-tabs-layout-horizontal"},"_links":{"self":[{"href":"https:\/\/free-eshop.com\/fr\/wp-json\/wp\/v2\/product\/6740","targetHints":{"allow":["GET"]}}],"collection":[{"href":"https:\/\/free-eshop.com\/fr\/wp-json\/wp\/v2\/product"}],"about":[{"href":"https:\/\/free-eshop.com\/fr\/wp-json\/wp\/v2\/types\/product"}],"replies":[{"embeddable":true,"href":"https:\/\/free-eshop.com\/fr\/wp-json\/wp\/v2\/comments?post=6740"}],"version-history":[{"count":3,"href":"https:\/\/free-eshop.com\/fr\/wp-json\/wp\/v2\/product\/6740\/revisions"}],"predecessor-version":[{"id":6751,"href":"https:\/\/free-eshop.com\/fr\/wp-json\/wp\/v2\/product\/6740\/revisions\/6751"}],"wp:featuredmedia":[{"embeddable":true,"href":"https:\/\/free-eshop.com\/fr\/wp-json\/wp\/v2\/media\/6741"}],"wp:attachment":[{"href":"https:\/\/free-eshop.com\/fr\/wp-json\/wp\/v2\/media?parent=6740"}],"wp:term":[{"taxonomy":"product_brand","embeddable":true,"href":"https:\/\/free-eshop.com\/fr\/wp-json\/wp\/v2\/product_brand?post=6740"},{"taxonomy":"product_cat","embeddable":true,"href":"https:\/\/free-eshop.com\/fr\/wp-json\/wp\/v2\/product_cat?post=6740"},{"taxonomy":"product_tag","embeddable":true,"href":"https:\/\/free-eshop.com\/fr\/wp-json\/wp\/v2\/product_tag?post=6740"}],"curies":[{"name":"wp","href":"https:\/\/api.w.org\/{rel}","templated":true}]}}